{"id":1016,"date":"2018-10-27T14:06:28","date_gmt":"2018-10-27T14:06:28","guid":{"rendered":"http:\/\/blogs.iesoretania.es\/biblioteca\/?page_id=1016"},"modified":"2019-05-21T14:26:57","modified_gmt":"2019-05-21T14:26:57","slug":"programa-comunica","status":"publish","type":"page","link":"https:\/\/blogs.iesoretania.es\/biblioteca\/programa-comunica\/","title":{"rendered":"PROGRAMA COMUNICA"},"content":{"rendered":"<div class=\"fcbkbttn_buttons_block\" id=\"fcbkbttn_left\"><div class=\"fcbkbttn_button\">\n                            <a href=\"https:\/\/www.facebook.com\/\" target=\"_blank\">\n                                <img src=\"https:\/\/blogs.iesoretania.es\/biblioteca\/wp-content\/plugins\/social-buttons-pack\/facebook-button-plugin\/images\/standard-facebook-ico.png\" alt=\"Fb-Button\" \/>\n                            <\/a>\n                        <\/div><div class=\"fcbkbttn_like \"><fb:like href=\"https:\/\/blogs.iesoretania.es\/biblioteca\/programa-comunica\/\" action=\"like\" colorscheme=\"light\" layout=\"standard\" show-faces='false' width=\"450px\" size=\"small\"><\/fb:like><\/div><\/div><div class=\"pntrst_main_before_after\"><div class=\"pntrst-button-wrap\">\r\n\t\t\t\t\t\t\t<a data-pin-do=\"buttonBookmark\" data-pin-custom=\"\" href=\"https:\/\/www.pinterest.com\/pin\/create\/button\/\"><img data-pin-nopin=\"1\" class=\"pntrst-custom-pin\" src=\"https:\/\/blogs.iesoretania.es\/biblioteca\/wp-content\/plugins\/social-buttons-pack\/bws-pinterest\/images\/pin.png\" width=\"60\"><\/a>\r\n\t\t\t\t\t\t<\/div><\/div><div class=\"twttr_buttons\"><div class=\"twttr_twitter\">\n\t\t\t\t\t<a href=\"http:\/\/twitter.com\/share?text=PROGRAMA+COMUNICA\" class=\"twitter-share-button\" data-via=\"\" data-hashtags=\"\"  data-size=\"default\" data-url=\"https:\/\/blogs.iesoretania.es\/biblioteca\/programa-comunica\/\"  data-related=\"\" target=\"_blank\">Tweet<\/a>\n\t\t\t\t<\/div><\/div><p style=\"text-align: center\"><strong><span style=\"font-family: verdana, geneva, sans-serif;font-size: 12pt\">\u00a0<\/span><\/strong><\/p>\n<div id=\"attachment_1019\" style=\"width: 1290px\" class=\"wp-caption aligncenter\"><img aria-describedby=\"caption-attachment-1019\" loading=\"lazy\" class=\"wp-image-1019 size-full\" src=\"http:\/\/blogs.iesoretania.es\/biblioteca\/files\/2018\/10\/meeting-1453895_1280.png\" alt=\"\" width=\"1280\" height=\"929\" srcset=\"https:\/\/blogs.iesoretania.es\/biblioteca\/files\/2018\/10\/meeting-1453895_1280.png 1280w, https:\/\/blogs.iesoretania.es\/biblioteca\/files\/2018\/10\/meeting-1453895_1280-300x218.png 300w, https:\/\/blogs.iesoretania.es\/biblioteca\/files\/2018\/10\/meeting-1453895_1280-768x557.png 768w, https:\/\/blogs.iesoretania.es\/biblioteca\/files\/2018\/10\/meeting-1453895_1280-1024x743.png 1024w, https:\/\/blogs.iesoretania.es\/biblioteca\/files\/2018\/10\/meeting-1453895_1280-413x300.png 413w\" sizes=\"(max-width: 1280px) 100vw, 1280px\" \/><p id=\"caption-attachment-1019\" class=\"wp-caption-text\">Pixabay.com<\/p><\/div>\n<p style=\"text-align: center\"><span style=\"font-family: verdana, geneva, sans-serif\">Este ser\u00e1 uno de los espacios para la difusi\u00f3n del trabajo desarrollado por el profesorado de\u00a0 nuestro centro para promover la mejora de las competencias ling\u00fc\u00edsticas del alumnado y el trabajo colaborativo del\u00a0 profesorado.<\/span><\/p>\n<p style=\"text-align: center\"><span style=\"font-family: verdana, geneva, sans-serif\">Deseamos asimismo que pueda convertirse en un instrumento para el acercamiento de las familias al trabajo de sus hijos e hijas<\/span><\/p>\n<p style=\"text-align: center\">BIENVENIDOS\/AS<\/p>\n<p><img loading=\"lazy\" class=\"aligncenter size-full wp-image-1057\" src=\"http:\/\/blogs.iesoretania.es\/biblioteca\/files\/2018\/10\/Plazos.png\" alt=\"\" width=\"729\" height=\"511\" srcset=\"https:\/\/blogs.iesoretania.es\/biblioteca\/files\/2018\/10\/Plazos.png 729w, https:\/\/blogs.iesoretania.es\/biblioteca\/files\/2018\/10\/Plazos-300x210.png 300w, https:\/\/blogs.iesoretania.es\/biblioteca\/files\/2018\/10\/Plazos-428x300.png 428w\" sizes=\"(max-width: 729px) 100vw, 729px\" \/><\/p>\n<p>Aqu\u00ed ten\u00e9is algunas de las propuestas did\u00e1cticas que el PROGRAMA COMUNICA pone a disposici\u00f3n del profesorado :<\/p>\n<p style=\"text-align: center\"><a href=\"http:\/\/blogs.iesoretania.es\/biblioteca\/files\/2018\/10\/ComunicA.pdf\">ComunicA<\/a><\/p>\n<p>\u00a0Os presentamos aqu\u00ed tambi\u00e9n la plantilla con la que podr\u00e9is planificar inicialmente\u00a0 el trabajo\u00a0 que hab\u00e9is pensado realizar desde vuestras materias\u00a0 en el marco del programa:<\/p>\n<p style=\"text-align: center\"><a title=\"Visualizar el documento Se abre en una nueva ventana\" href=\"http:\/\/www.juntadeandalucia.es\/educacion\/webportal\/abaco-portlet\/content\/e9848b97-efcf-41b1-8759-167d6d3fd70e\" target=\"_blank\" rel=\"noopener noreferrer\"><strong>Dise\u00f1o del Proyecto. Plantilla y gu\u00eda (PDF \/ 336,68Kb)<\/strong><\/a><\/p>\n<ul>\n<li style=\"list-style-type: none\">\n<ul>\n<li id=\"aui_3_2_0_1211\" class=\"icodoc\"><a id=\"aui_3_2_0_1210\" title=\"Visualizar el documento Se abre en una nueva ventana\" href=\"http:\/\/www.juntadeandalucia.es\/educacion\/webportal\/abaco-portlet\/content\/aa1436b3-0dbd-4ff3-a8a1-16e96c99786b\" target=\"_blank\" rel=\"noopener noreferrer\"> <strong id=\"aui_3_2_0_1209\">Plantilla editable en Word de Proyecto (DOC \/ 62,03Kb)<\/strong> <\/a><\/li>\n<\/ul>\n<\/li>\n<\/ul>\n<ul>\n<li class=\"icoodt\"><a title=\"Visualizar el documento Se abre en una nueva ventana\" href=\"http:\/\/www.juntadeandalucia.es\/educacion\/webportal\/abaco-portlet\/content\/6eeb9901-9a92-4b3c-ab4f-fb2d80aa0ab7\" target=\"_blank\" rel=\"noopener noreferrer\"> <strong>Plantilla editable en LibreOffice de Proyecto (ODT \/ 55,67Kb)<\/strong> <\/a><\/li>\n<\/ul>\n<p style=\"text-align: center\"><span style=\"font-size: 18pt;color: #008080\"><strong>PROYECTO 18\/19<\/strong><\/span><\/p>\n<p>El plan de actuaci\u00f3n del programa COMUNICA para el curso 18\/19\u00a0 contempla actividades muy diversas y\u00a0 aglutina a profesorado de numerosos departamentos del centro: INGL\u00c9S, BIOLOG\u00cdA, F\u00cdSICA Y QU\u00cdMICA, FILOSOF\u00cdA, M\u00daSICA, EDUCACI\u00d3N ESPECIAL, COMPENSATORIA, FRANC\u00c9S, FOL, INFORM\u00c1TICA.<\/p>\n<p>Este programa va dirigido al alumnado que se especifica a continuaci\u00f3n:<\/p>\n<p>-Alumnado de 1\u00ba, 2\u00ba, 3\u00ba Y 4\u00ba ESO<br \/>-Alumnado del aula espec\u00edfica de educaci\u00f3n especial.<br \/>-Alumnado de 1\u00ba Y 2\u00ba Bachillerato.<br \/>-Alumnado de Ciclos Formativos INFORM\u00c1TICA<\/p>\n<p style=\"text-align: center\"><span style=\"font-size: 18pt;color: #008080\"><strong><span style=\"color: #008080\">ACTIVIDAD DE GAMIFICACI\u00d3N\u00a0<\/span> INTERDISCIPLINAR PARA EL CURSO 18\/19<\/strong><\/span><\/p>\n<blockquote>\n<p>\u00a0<\/p>\n<p style=\"text-align: center\"><span style=\"color: #0000ff\"><strong><span style=\"font-size: 18pt\">\u00a11er Escape Oretania!<\/span><\/strong><\/span><\/p>\n<\/blockquote>\n<p>Con posterioridad al dise\u00f1o inicial del plan de actuaci\u00f3n del programa desde el departamento de Inform\u00e1tica se ha propuesto al resto del profesorado participante una actividad de gamificaci\u00f3n que implica a numerosos departamentos.<\/p>\n<p>Dicha actividad contribuye a la consecuci\u00f3n de varios de los objetivos que nos propon\u00edamos alcanzar gracias al programa :<\/p>\n<ul>\n<li>Mejora de la expresi\u00f3n oral y escrita del alumnado<\/li>\n<li>Mejora de la comprensi\u00f3n escrita del alumnado<\/li>\n<li>Educaci\u00f3n en el uso adecuado de las herramientas TIC.<\/li>\n<\/ul>\n<p>Os presentamos a continuaci\u00f3n un adelanto de como se est\u00e1 planificando dicha actividad que est\u00e1 previsto que se lleve a cabo en el mes de junio.<\/p>\n<p style=\"text-align: center\"><a href=\"http:\/\/blogs.iesoretania.es\/biblioteca\/files\/2019\/02\/Escape-Oretania_1.pdf\"><span style=\"font-size: 18pt\">Escape Oretania_1<\/span><\/a><\/p>\n<p style=\"text-align: center\"><strong><span style=\"font-size: 24pt;color: #008080\">Mini Gu\u00eda para empezar con StoryBird<\/span><\/strong><\/p>\n<p style=\"text-align: center\"><a href=\"http:\/\/blogs.iesoretania.es\/biblioteca\/files\/2019\/02\/Mini-Gu\u00eda-de-StoryBird.pdf\">Mini Gu\u00eda de StoryBird<\/a><\/p>\n<p style=\"text-align: center\">ALGUNOS EJEMPLOS:<\/p>\n<p style=\"text-align: center\"><a href=\"https:\/\/sites.google.com\/site\/lesticeenfle\/comunica-1819\">https:\/\/sites.google.com\/site\/lesticeenfle\/comunica-1819<\/a><\/p>\n<p style=\"text-align: center\"><a href=\"https:\/\/previous.storybird.com\/books\/automne-6\/?token=d8uz8zhapj\">https:\/\/previous.storybird.com\/books\/automne-6\/?token=d8uz8zhapj<\/a><\/p>\n<p style=\"text-align: center\"><strong><span style=\"font-size: 18pt;color: #008080\">VIDEO TUTORIAL PARA UTILIZAR VOKI<\/span><\/strong><\/p>\n<p style=\"text-align: center\"><a href=\"https:\/\/sites.google.com\/site\/lesticeenfle\/voki\">https:\/\/sites.google.com\/site\/lesticeenfle\/voki<\/a><\/p>\n<p style=\"text-align: center\"><a href=\"http:\/\/tinyurl.com\/yahaltlf\">ALORS\u00a0 LA PAIX VIENDRA<\/a><\/p>\n<h4 style=\"text-align: center\"><strong><span style=\"font-size: 18pt;color: #008080\">COLABORACI\u00d3N CON EL PROGRAMA INNICIA<\/span><\/strong><\/h4>\n<p style=\"text-align: center\"><a href=\"http:\/\/blogs.iesoretania.es\/biblioteca\/files\/2019\/02\/BADGES-ORETANIA.pdf\">BADGES ORETANIA<\/a><\/p>\n<p style=\"text-align: center\"><a href=\"http:\/\/blogs.iesoretania.es\/biblioteca\/files\/2019\/05\/une-vente-de-plaques.pdf\">une vente de plaques<\/a><\/p>\n<p style=\"text-align: center\"><a href=\"http:\/\/blogs.iesoretania.es\/biblioteca\/files\/2019\/05\/chapas3.pdf\">chapas3<\/a><\/p>\n<p style=\"text-align: center\"><a href=\"http:\/\/blogs.iesoretania.es\/biblioteca\/files\/2019\/05\/chapas2.pdf\">chapas2<\/a><\/p>\n<p style=\"text-align: center\"><strong><span style=\"font-size: 18pt;color: #008080\">LOS CUENTOS DE NUESTROS ALUMNOS FAVORITOS<\/span><\/strong><\/p>\n<p style=\"text-align: left\">LOS CUENTOS\u00a0 DE MANUEL<\/p>\n<p style=\"text-align: left\"><a href=\"https:\/\/madmagz.com\/fr\/magazine\/1548026\">https:\/\/madmagz.com\/fr\/magazine\/1548026<\/a><\/p>\n<p style=\"text-align: left\">\u00a0<\/p>\n<p style=\"text-align: left\">LOS CUENTOS DE CRISTIAN<\/p>\n<p style=\"text-align: left\"><strong>\u00a0 <\/strong><a href=\"https:\/\/madmagz.com\/fr\/magazine\/1580505\" target=\"_blank\" rel=\"noopener noreferrer\">https:\/\/madmagz.com\/fr\/magazine\/1580505<\/a><\/p>\n<p style=\"text-align: center\"><strong><span style=\"font-size: 18pt;color: #008080\">CANVA<\/span><\/strong><\/p>\n<p style=\"text-align: center\"><a href=\"https:\/\/www.canva.com\/design\/DADSEDNgL5Y\/PmR-i-kg7B3RIu-pyUzgVg\/edit\" rel=\"nofollow\">HA\u00cfKUS<\/a><\/p>\n<p><img loading=\"lazy\" class=\"aligncenter size-full wp-image-1175\" src=\"http:\/\/blogs.iesoretania.es\/biblioteca\/files\/2019\/03\/address-book-2246432__480.jpg\" alt=\"\" width=\"721\" height=\"480\" srcset=\"https:\/\/blogs.iesoretania.es\/biblioteca\/files\/2019\/03\/address-book-2246432__480.jpg 721w, https:\/\/blogs.iesoretania.es\/biblioteca\/files\/2019\/03\/address-book-2246432__480-300x200.jpg 300w, https:\/\/blogs.iesoretania.es\/biblioteca\/files\/2019\/03\/address-book-2246432__480-451x300.jpg 451w\" sizes=\"(max-width: 721px) 100vw, 721px\" \/><\/p>\n<p style=\"text-align: center\">Voici vos po\u00e8mes<\/p>\n<p style=\"text-align: center\">F\u00e9licitations, c\u2019est un bon travail!<\/p>\n<p><strong>\u00c9L\u00c8VES DEUXI\u00c8ME ANN\u00c9E DE BAC<\/strong><\/p>\n<div id=\":o1\" dir=\"ltr\">\n<div id=\":o0\" dir=\"ltr\">\u00a0<\/div>\n<\/div>\n<p>LAURA<\/p>\n<p><a href=\"https:\/\/www.canva.com\/design\/DADSbt1obHc\/kFm1yTP1g3K6v-O8QX1M_A\/view\">https:\/\/www.canva.com\/design\/DADSbt1obHc\/kFm1yTP1g3K6v-O8QX1M_A\/view<\/a><\/p>\n<p>ALBA<\/p>\n<p><a href=\"https:\/\/www.canva.com\/design\/DADSgdZid8A\/nSJANT1ayxdWOLmAx9oTxg\/view\">https:\/\/www.canva.com\/design\/DADSgdZid8A\/nSJANT1ayxdWOLmAx9oTxg\/view<\/a><\/p>\n<p>MARTA<\/p>\n<p><a href=\"https:\/\/www.canva.com\/design\/DADS7F6GnyA\/view\">https:\/\/www.canva.com\/design\/DADS7F6GnyA\/view<\/a><\/p>\n<p>ANTONIO JES\u00daS<\/p>\n<p><a href=\"https:\/\/www.canva.com\/design\/DADTBndArf0\/EOrESm6Es3K1ejZhne3m_g\/view\">https:\/\/www.canva.com\/design\/DADTBndArf0\/EOrESm6Es3K1ejZhne3m_g\/view<\/a><\/p>\n<p>FRANCISCO<\/p>\n<p><a href=\"https:\/\/www.canva.com\/design\/DADTGVwIw4o\/view\">https:\/\/www.canva.com\/design\/DADTGVwIw4o\/view<\/a><\/p>\n<p>IRENE<\/p>\n<p><a href=\"https:\/\/www.canva.com\/design\/DADS0H2ZO4o\/7iRjruvyvEJrLER_7zQ_8A\/view\">https:\/\/www.canva.com\/design\/DADS0H2ZO4o\/7iRjruvyvEJrLER_7zQ_8A\/view<\/a><\/p>\n<p>JESSICA<\/p>\n<p><a href=\"https:\/\/www.canva.com\/design\/DADTSvRi4og\/WVpRFCa9pjJPTUP4WiAgbw\/view\">https:\/\/www.canva.com\/design\/DADTSvRi4og\/WVpRFCa9pjJPTUP4WiAgbw\/view<\/a><\/p>\n<p><strong>\u00c9L\u00c8VES QUATRI\u00c8ME ANN\u00c9E\u00a0 ESO<br \/><\/strong><\/p>\n<p>NURIA<\/p>\n<p><a href=\"https:\/\/www.canva.com\/design\/DADSVie-dSg\/YruCk6x8b_3b5HkAOd0yOg\/view\">https:\/\/www.canva.com\/design\/DADSVie-dSg\/YruCk6x8b_3b5HkAOd0yOg\/view<\/a><\/p>\n<p>NAZARET<\/p>\n<p><a href=\"https:\/\/www.canva.com\/design\/DADShUyaik8\/G4Z_ReWj0Pt6HShtVYdimw\/view\">https:\/\/www.canva.com\/design\/DADShUyaik8\/G4Z_ReWj0Pt6HShtVYdimw\/view<\/a><\/p>\n<h3 class=\"western\">nazaret<\/h3>\n<p><a href=\"https:\/\/storybird.com\/books\/automne-6\/?token=d8uz8zhapj\" target=\"_blank\" rel=\"noopener noreferrer\">https:\/\/storybird.com\/books\/automne-6\/?token=d8uz8zhapj<\/a><\/p>\n<p style=\"text-align: center\"><strong>\u00a0<\/strong><\/p>\n<h2 style=\"text-align: center\"><strong><span style=\"color: #008080\">COMUNICA: ALFABETIZACI\u00d3N AUDIOVISUAL<\/span><\/strong><\/h2>\n<p><strong>\u00a0<\/strong><\/p>\n<p><em>ComunicA<\/em> presenta una visi\u00f3n integradora de las tipolog\u00edas textuales que se vinculan con las competencias clave y las nuevas metodolog\u00edas educativas.<\/p>\n<p>El programa pretende\u00a0 complementar el curr\u00edculum escolar con medidas de apoyo para la mejora de la lectura, la escritura y la lengua oral.<\/p>\n<p>El programa establece cuatro l\u00edneas de intervenci\u00f3n:<\/p>\n<ul>\n<li>oralidad,<\/li>\n<li>lectura\u00a0escritura funcional,<\/li>\n<li>lectura \u2013 escritura creativa,<\/li>\n<li>y alfabetizaci\u00f3n audiovisual.<\/li>\n<\/ul>\n<p>Durante el presente curso se han trabajado en todas estas l\u00edneas a trav\u00e9s de actividades diversas.<\/p>\n<p>Presentamos aqu\u00ed algunas muestras del trabajo realizado en la l\u00ednea de alfabetizaci\u00f3n audiovisual:<\/p>\n<p>2 SMR VIDEOTUTORIALES DE SERVICIOS EN RED POR LOS ALUMNOS.<\/p>\n<p>Cristofer Navarro Fern\u00e1ndez \u2014\u2013 Videotutorial de un servidor FTP sobre un DNS en windows.<\/p>\n<p><iframe loading=\"lazy\" width=\"584\" height=\"329\" src=\"https:\/\/www.youtube.com\/embed\/OxVjv3-CBh4?start=1&#038;feature=oembed\" frameborder=\"0\" allow=\"accelerometer; autoplay; encrypted-media; gyroscope; picture-in-picture\" allowfullscreen><\/iframe><\/p>\n<p>Jes\u00fas Heras Caparr\u00f3s \u2013 Videotutorial de montaje de un proxy Squid.<\/p>\n<p><iframe loading=\"lazy\" width=\"584\" height=\"329\" src=\"https:\/\/www.youtube.com\/embed\/ZlJJXaY2HfU?feature=oembed\" frameborder=\"0\" allow=\"accelerometer; autoplay; encrypted-media; gyroscope; picture-in-picture\" allowfullscreen><\/iframe><\/p>\n\n<div class=\"pntrst_main_before_after\"><\/div>","protected":false},"excerpt":{"rendered":"<p>\u00a0 Este ser\u00e1 uno de los espacios para la difusi\u00f3n del trabajo desarrollado por el profesorado de\u00a0 nuestro centro para promover la mejora de las competencias ling\u00fc\u00edsticas del alumnado y el trabajo colaborativo del\u00a0 profesorado. Deseamos asimismo que pueda convertirse &hellip; <a href=\"https:\/\/blogs.iesoretania.es\/biblioteca\/programa-comunica\/\">Sigue leyendo <span class=\"meta-nav\">&rarr;<\/span><\/a><\/p>\n","protected":false},"author":5,"featured_media":0,"parent":0,"menu_order":0,"comment_status":"closed","ping_status":"closed","template":"","meta":[],"_links":{"self":[{"href":"https:\/\/blogs.iesoretania.es\/biblioteca\/wp-json\/wp\/v2\/pages\/1016"}],"collection":[{"href":"https:\/\/blogs.iesoretania.es\/biblioteca\/wp-json\/wp\/v2\/pages"}],"about":[{"href":"https:\/\/blogs.iesoretania.es\/biblioteca\/wp-json\/wp\/v2\/types\/page"}],"author":[{"embeddable":true,"href":"https:\/\/blogs.iesoretania.es\/biblioteca\/wp-json\/wp\/v2\/users\/5"}],"replies":[{"embeddable":true,"href":"https:\/\/blogs.iesoretania.es\/biblioteca\/wp-json\/wp\/v2\/comments?post=1016"}],"version-history":[{"count":40,"href":"https:\/\/blogs.iesoretania.es\/biblioteca\/wp-json\/wp\/v2\/pages\/1016\/revisions"}],"predecessor-version":[{"id":1257,"href":"https:\/\/blogs.iesoretania.es\/biblioteca\/wp-json\/wp\/v2\/pages\/1016\/revisions\/1257"}],"wp:attachment":[{"href":"https:\/\/blogs.iesoretania.es\/biblioteca\/wp-json\/wp\/v2\/media?parent=1016"}],"curies":[{"name":"wp","href":"https:\/\/api.w.org\/{rel}","templated":true}]}}