{"id":1031,"date":"2018-10-27T16:23:07","date_gmt":"2018-10-27T16:23:07","guid":{"rendered":"http:\/\/blogs.iesoretania.es\/biblioteca\/?page_id=1031"},"modified":"2019-02-12T13:43:52","modified_gmt":"2019-02-12T13:43:52","slug":"herramientas-tic","status":"publish","type":"page","link":"https:\/\/blogs.iesoretania.es\/biblioteca\/herramientas-tic\/","title":{"rendered":"HERRAMIENTAS TIC PARA LA MEJORA DE LA COMPETENCIA COMUNICATIVA"},"content":{"rendered":"<div class=\"fcbkbttn_buttons_block\" id=\"fcbkbttn_left\"><div class=\"fcbkbttn_button\">\n                            <a href=\"https:\/\/www.facebook.com\/\" target=\"_blank\">\n                                <img src=\"https:\/\/blogs.iesoretania.es\/biblioteca\/wp-content\/plugins\/social-buttons-pack\/facebook-button-plugin\/images\/standard-facebook-ico.png\" alt=\"Fb-Button\" \/>\n                            <\/a>\n                        <\/div><div class=\"fcbkbttn_like \"><fb:like href=\"https:\/\/blogs.iesoretania.es\/biblioteca\/herramientas-tic\/\" action=\"like\" colorscheme=\"light\" layout=\"standard\" show-faces='false' width=\"450px\" size=\"small\"><\/fb:like><\/div><\/div><div class=\"pntrst_main_before_after\"><div class=\"pntrst-button-wrap\">\r\n\t\t\t\t\t\t\t<a data-pin-do=\"buttonBookmark\" data-pin-custom=\"\" href=\"https:\/\/www.pinterest.com\/pin\/create\/button\/\"><img data-pin-nopin=\"1\" class=\"pntrst-custom-pin\" src=\"https:\/\/blogs.iesoretania.es\/biblioteca\/wp-content\/plugins\/social-buttons-pack\/bws-pinterest\/images\/pin.png\" width=\"60\"><\/a>\r\n\t\t\t\t\t\t<\/div><\/div><div class=\"twttr_buttons\"><div class=\"twttr_twitter\">\n\t\t\t\t\t<a href=\"http:\/\/twitter.com\/share?text=HERRAMIENTAS+TIC+PARA+LA+MEJORA+DE+LA+COMPETENCIA+COMUNICATIVA\" class=\"twitter-share-button\" data-via=\"\" data-hashtags=\"\"  data-size=\"default\" data-url=\"https:\/\/blogs.iesoretania.es\/biblioteca\/herramientas-tic\/\"  data-related=\"\" target=\"_blank\">Tweet<\/a>\n\t\t\t\t<\/div><\/div><div id=\"attachment_1033\" style=\"width: 871px\" class=\"wp-caption aligncenter\"><img aria-describedby=\"caption-attachment-1033\" loading=\"lazy\" class=\"wp-image-1033 size-full\" src=\"http:\/\/blogs.iesoretania.es\/biblioteca\/files\/2018\/10\/laptop-1483974__480.jpg\" alt=\"\" width=\"861\" height=\"480\" srcset=\"https:\/\/blogs.iesoretania.es\/biblioteca\/files\/2018\/10\/laptop-1483974__480.jpg 861w, https:\/\/blogs.iesoretania.es\/biblioteca\/files\/2018\/10\/laptop-1483974__480-300x167.jpg 300w, https:\/\/blogs.iesoretania.es\/biblioteca\/files\/2018\/10\/laptop-1483974__480-768x428.jpg 768w, https:\/\/blogs.iesoretania.es\/biblioteca\/files\/2018\/10\/laptop-1483974__480-500x279.jpg 500w\" sizes=\"(max-width: 861px) 100vw, 861px\" \/><p id=\"caption-attachment-1033\" class=\"wp-caption-text\">Pixabay.com<\/p><\/div>\n<p>&nbsp;<\/p>\n<p style=\"text-align: center\"><strong>SELECCI\u00d3N DE HERRAMIENTAS DIGITALES\u00a0 CON M\u00daLTIPLES USOS PEDAG\u00d3GICOS<\/strong><\/p>\n<p>&nbsp;<\/p>\n<ul>\n<li><a href=\"http:\/\/www.youngmarketing.co\/11-herramientas-digitales-que-todo-profesor-deberia-tener-en-cuenta\/\">http:\/\/www.youngmarketing.co\/11-herramientas-digitales-que-todo-profesor-deberia-tener-en-cuenta\/<\/a><\/li>\n<\/ul>\n<p>&nbsp;<\/p>\n<p>&nbsp;<\/p>\n<ul style=\"list-style-type: circle\">\n<li><a href=\"https:\/\/storybird.com\">https:\/\/storybird.com<\/a>\n<ul>\n<li><a href=\"https:\/\/apfvalblog.blogspot.com\/2014\/01\/creer-des-histoires-illustrees-avec.html\">https:\/\/apfvalblog.blogspot.com\/2014\/01\/creer-des-histoires-illustrees-avec.html<\/a><\/li>\n<li><a href=\"http:\/\/carrefour-education.qc.ca\/formation_virtuelle\/storybird_ecrire_des_histoires\">http:\/\/carrefour-education.qc.ca\/formation_virtuelle\/storybird_ecrire_des_histoires<\/a>\n<ul>\n<li><a href=\"https:\/\/www.youtube.com\/watch?feature=player_embedded&amp;v=c4ui0lLH61E\" target=\"_blank\" rel=\"noopener\">Tutoriel vid\u00e9o pour l\u2019enseignant<\/a> qui d\u00e9sire inscrire ses \u00e9l\u00e8ves<\/li>\n<li><a href=\"http:\/\/www.learnquebec.ca\/misc\/peliqan\/fr\/documents\/storybird_fr.pdf\" target=\"_blank\" rel=\"noopener\">Tutoriel Storybird<\/a> en pdf (Learn Qu\u00e9bec)<\/li>\n<li><b>Tutoriels en espagnol<\/b>\n<ul>\n<li><a href=\"https:\/\/www.youtube.com\/watch?v=pg0fHgsPx4o\" target=\"_blank\" rel=\"noopener\">Tutoriel-vid\u00e9o<\/a><\/li>\n<\/ul>\n<\/li>\n<\/ul>\n<\/li>\n<\/ul>\n<\/li>\n<\/ul>\n<div id=\"block-gestion-partenaires-gestion-partenaires-mlt-block\" class=\"block block-gestion-partenaires last even\">\n<div class=\"content\">\n<div class=\"item-list\">\n<h3 style=\"text-align: left\">Ressources similaires<\/h3>\n<ul style=\"text-align: left\">\n<li class=\"first\">\n<div class=\"mlt_logo\"><img loading=\"lazy\" title=\"Formations virtuelles\" src=\"http:\/\/carrefour-education.qc.ca\/sites\/default\/files\/styles\/logo_partenaire\/public\/partenaires\/logo-formation-virtuelle.png?itok=6-ME9IWr\" alt=\"Formations virtuelles\" width=\"32\" height=\"32\" \/><\/div>\n<div class=\"mlt_links\"><a href=\"http:\/\/carrefour-education.qc.ca\/formation_virtuelle\/storybird_ecrire_des_histoires\">StoryBird: Ecrire des histoires<\/a><\/div>\n<\/li>\n<li>\n<div class=\"mlt_logo\"><img loading=\"lazy\" title=\"Formations virtuelles\" src=\"http:\/\/carrefour-education.qc.ca\/sites\/default\/files\/styles\/logo_partenaire\/public\/partenaires\/logo-formation-virtuelle.png?itok=6-ME9IWr\" alt=\"Formations virtuelles\" width=\"32\" height=\"32\" \/><\/div>\n<div class=\"mlt_links\"><a href=\"http:\/\/carrefour-education.qc.ca\/formation_virtuelle\/tackk_creation_dune_page_web\">Tackk: Cr\u00e9ation d&#8217;une page web<\/a><\/div>\n<\/li>\n<li class=\"last\">\n<div class=\"mlt_logo\"><img loading=\"lazy\" title=\"Formations virtuelles\" src=\"http:\/\/carrefour-education.qc.ca\/sites\/default\/files\/styles\/logo_partenaire\/public\/partenaires\/logo-formation-virtuelle.png?itok=6-ME9IWr\" alt=\"Formations virtuelles\" width=\"32\" height=\"32\" \/><\/div>\n<div class=\"mlt_links\"><a href=\"http:\/\/carrefour-education.qc.ca\/formation_virtuelle\/linoit_la_collaboration_en_post-it\">Linoit: la collaboration en Post-It<\/a><\/div>\n<ul style=\"list-style-type: circle\">\n<li><a href=\"https:\/\/www.youtube.com\/watch?v=tK-RFlfpd2M\">tutorial en espa\u00f1ol<\/a><\/li>\n<\/ul>\n<\/li>\n<li><a href=\"http:\/\/carrefour-education.qc.ca\/formation_virtuelle\/thinglink_creation_dimages_interactives\"><img loading=\"lazy\" title=\"Formations virtuelles\" src=\"http:\/\/carrefour-education.qc.ca\/sites\/default\/files\/styles\/logo_partenaire\/public\/partenaires\/logo-formation-virtuelle.png?itok=6-ME9IWr\" alt=\"Formations virtuelles\" width=\"32\" height=\"32\" \/><\/a><a href=\"http:\/\/carrefour-education.qc.ca\/formation_virtuelle\/thinglink_creation_dimages_interactives\">Thinglink: Cr\u00e9ation d&#8217;images interactives<\/a><\/li>\n<\/ul>\n<div id=\"block-gestion-partenaires-gestion-partenaires-mlt-block\" class=\"block block-gestion-partenaires last even\" style=\"text-align: left\">\n<div class=\"content\">\n<div class=\"item-list\">\n<h3>Ressources similaires<\/h3>\n<ul>\n<li class=\"first\">\n<div class=\"mlt_logo\"><img loading=\"lazy\" title=\"Sites Web comment\u00e9s\" src=\"http:\/\/carrefour-education.qc.ca\/sites\/default\/files\/styles\/logo_partenaire\/public\/partenaires\/logo-site-web-commente.png?itok=87oFzIY_\" alt=\"Sites Web comment\u00e9s\" width=\"32\" height=\"32\" \/><\/div>\n<div class=\"mlt_links\"><a href=\"http:\/\/carrefour-education.qc.ca\/site_web_commentes\/poll_everywhere_creer_des_sondages_en_ligne\">Poll Everywhere: Cr\u00e9er des sondages en ligne<\/a><\/div>\n<\/li>\n<li class=\"last\">\n<div class=\"mlt_logo\"><img loading=\"lazy\" title=\"Formations virtuelles\" src=\"http:\/\/carrefour-education.qc.ca\/sites\/default\/files\/styles\/logo_partenaire\/public\/partenaires\/logo-formation-virtuelle.png?itok=6-ME9IWr\" alt=\"Formations virtuelles\" width=\"32\" height=\"32\" \/><\/div>\n<div class=\"mlt_links\"><a href=\"http:\/\/carrefour-education.qc.ca\/formation_virtuelle\/tagul_creer_un_nuage_de_mots\">Tagul: Cr\u00e9er un nuage de mots<\/a><\/div>\n<\/li>\n<li>\n<div id=\"block-gestion-partenaires-gestion-partenaires-mlt-block\" class=\"block block-gestion-partenaires last even\">\n<div class=\"content\">\n<div class=\"item-list\">\n<h3>Ressources similaires<\/h3>\n<ul>\n<li class=\"first\">\n<div class=\"mlt_logo\"><img loading=\"lazy\" title=\"Formations virtuelles\" src=\"http:\/\/carrefour-education.qc.ca\/sites\/default\/files\/styles\/logo_partenaire\/public\/partenaires\/logo-formation-virtuelle.png?itok=6-ME9IWr\" alt=\"Formations virtuelles\" width=\"32\" height=\"32\" \/><\/div>\n<div class=\"mlt_links\"><a href=\"http:\/\/carrefour-education.qc.ca\/formation_virtuelle\/fonctionnement_de_kahoot\">Fonctionnement de Kahoot<\/a><\/div>\n<\/li>\n<li>\n<div class=\"mlt_logo\"><img loading=\"lazy\" title=\"Sites Web comment\u00e9s\" src=\"http:\/\/carrefour-education.qc.ca\/sites\/default\/files\/styles\/logo_partenaire\/public\/partenaires\/logo-site-web-commente.png?itok=87oFzIY_\" alt=\"Sites Web comment\u00e9s\" width=\"32\" height=\"32\" \/><\/div>\n<div class=\"mlt_links\"><a href=\"http:\/\/carrefour-education.qc.ca\/site_web_commentes\/kahoot_le_questionnaire_interactif\">Kahoot: Le questionnaire interactif<\/a><\/div>\n<\/li>\n<li class=\"last\">\n<div class=\"mlt_logo\"><img loading=\"lazy\" title=\"Sites Web comment\u00e9s\" src=\"http:\/\/carrefour-education.qc.ca\/sites\/default\/files\/styles\/logo_partenaire\/public\/partenaires\/logo-site-web-commente.png?itok=87oFzIY_\" alt=\"Sites Web comment\u00e9s\" width=\"32\" height=\"32\" \/><\/div>\n<div class=\"mlt_links\"><a href=\"http:\/\/carrefour-education.qc.ca\/sites_web_commentes\/quizity\">Quizity<\/a><\/div>\n<\/li>\n<\/ul>\n<\/div>\n<\/div>\n<\/div>\n<\/li>\n<\/ul>\n<\/div>\n<\/div>\n<\/div>\n<\/div>\n<\/div>\n<\/div>\n<p>&nbsp;<\/p>\n<ul>\n<li class=\"first\">\n<div class=\"mlt_links\"><a href=\"http:\/\/carrefour-education.qc.ca\/formation_virtuelle\/tutoriel_sur_poll_everywhere\">Tutoriel sur Poll Everywhere<\/a><\/div>\n<\/li>\n<li>\n<div class=\"mlt_logo\"><img loading=\"lazy\" title=\"Sites Web comment\u00e9s\" src=\"http:\/\/carrefour-education.qc.ca\/sites\/default\/files\/styles\/logo_partenaire\/public\/partenaires\/logo-site-web-commente.png?itok=87oFzIY_\" alt=\"Sites Web comment\u00e9s\" width=\"32\" height=\"32\" \/><\/div>\n<div class=\"mlt_links\"><a href=\"http:\/\/carrefour-education.qc.ca\/site_web_commentes\/kahoot_le_questionnaire_interactif\">Kahoot: Le questionnaire interactif<\/a><\/div>\n<\/li>\n<li class=\"last\">\n<div class=\"mlt_logo\"><img loading=\"lazy\" title=\"Formations virtuelles\" src=\"http:\/\/carrefour-education.qc.ca\/sites\/default\/files\/styles\/logo_partenaire\/public\/partenaires\/logo-formation-virtuelle.png?itok=6-ME9IWr\" alt=\"Formations virtuelles\" width=\"32\" height=\"32\" \/><\/div>\n<div class=\"mlt_links\"><a href=\"http:\/\/carrefour-education.qc.ca\/formation_virtuelle\/utiliser_kahoot_pour_creer_des_quiz_interactifs\">Utiliser Kahoot pour cr\u00e9er des jeux-questionnaires interactifs<\/a><\/div>\n<\/li>\n<li>\n<h3>Ressources similaires<\/h3>\n<ul>\n<li class=\"first\">\n<div class=\"mlt_logo\"><img loading=\"lazy\" title=\"Sites Web comment\u00e9s\" src=\"http:\/\/carrefour-education.qc.ca\/sites\/default\/files\/styles\/logo_partenaire\/public\/partenaires\/logo-site-web-commente.png?itok=87oFzIY_\" alt=\"Sites Web comment\u00e9s\" width=\"32\" height=\"32\" \/><\/div>\n<div class=\"mlt_links\"><a href=\"http:\/\/carrefour-education.qc.ca\/sites_web_commentes\/ze_questionnairecom\">Askabox<\/a><\/div>\n<\/li>\n<\/ul>\n<\/li>\n<\/ul>\n<p>&nbsp;<\/p>\n<ul>\n<li><a href=\"https:\/\/www.cerebriti.com\/\" target=\"_blank\" rel=\"noopener\">Cerebriti<\/a><\/li>\n<\/ul>\n<p>Plataforma gratuita de juegos educativos<\/p>\n<ul>\n<li><a href=\"https:\/\/es.educaplay.com\/\">https:\/\/es.educaplay.com\/<\/a><\/li>\n<\/ul>\n<p>Portal de actividades educativas multimedia.<\/p>\n<ul>\n<li><a href=\"https:\/\/madmagz.com\">https:\/\/madmagz.com<\/a><\/li>\n<\/ul>\n<p>Herramienta para la creaci\u00f3n de revistas digitales<\/p>\n<ul>\n<li><a href=\"http:\/\/www.voki.com\/\" target=\"_blank\" rel=\"noopener\">www.voki.com\/<\/a><\/li>\n<\/ul>\n<p>Herramienta para la creaci\u00f3n de avatares digitales en varios idiomas.<\/p>\n<ul>\n<li><a href=\"https:\/\/www.pixton.com\/\" target=\"_blank\" rel=\"noopener\">Pixton<\/a><\/li>\n<\/ul>\n<p>Creaci\u00f3n de c\u00f3mics y libros digitales.<\/p>\n<ul>\n<li><a href=\"http:\/\/www.toondoo.com\/\" target=\"_blank\" rel=\"noopener\">ToonDo <\/a><\/li>\n<\/ul>\n<p>Creaci\u00f3n de c\u00f3mics y libros digitales<\/p>\n<p>&nbsp;<\/p>\n<ul>\n<li><a href=\"https:\/\/es.padlet.com\/\" target=\"_blank\" rel=\"noopener\">Padlet<\/a><\/li>\n<\/ul>\n<p>Herramienta para crear muros virtuales<\/p>\n<ul>\n<li><strong><a href=\"https:\/\/piktochart.com\/\">PikToChart\u00a0<\/a><\/strong><\/li>\n<\/ul>\n<p>Para la creaci\u00f3n de infograf\u00edas<\/p>\n<ul>\n<li><strong> <a title=\"Canva\" href=\"https:\/\/www.canva.com\/\" target=\"_blank\" rel=\"nofollow noopener\">Canva<\/a><\/strong><\/li>\n<\/ul>\n<p>Para la creaci\u00f3n de infograf\u00edas<\/p>\n<ul>\n<li><strong> <a href=\"https:\/\/www.easel.ly\/\">Easel.ly<\/a><\/strong><\/li>\n<\/ul>\n<p>Para la creaci\u00f3n de infograf\u00edas<\/p>\n<ul>\n<li><strong>\u00a0<a href=\"https:\/\/infogr.am\/\">Infogr.am<\/a><\/strong><\/li>\n<\/ul>\n<p>Para la creaci\u00f3n de infograf\u00edas<\/p>\n<ul>\n<li><strong><a title=\"Chartbocks\" href=\"http:\/\/www.chartblocks.com\/fr\" target=\"_blank\" rel=\"nofollow noopener\">ChartBlocks<\/a><\/strong><\/li>\n<\/ul>\n<p>Para la creaci\u00f3n de gr\u00e1ficos<\/p>\n<ul>\n<li><a href=\"http:\/\/www.wikispaces.com\/\" target=\"_blank\" rel=\"noopener\">Wikispaces<\/a><\/li>\n<\/ul>\n<p>Alojamiento gratuito de wikis.<\/p>\n<ul>\n<li><a href=\"https:\/\/www.weebly.com\/es\" target=\"_blank\" rel=\"noopener\">Weebly<\/a><\/li>\n<\/ul>\n<p>Crea p\u00e1ginas webs.<\/p>\n<ul>\n<li><a href=\"https:\/\/es.wix.com\/\" target=\"_blank\" rel=\"noopener\">Wix<\/a><\/li>\n<\/ul>\n<p>Crea p\u00e1ginas webs.<\/p>\n<ul>\n<li><strong><a href=\"http:\/\/www.movenote.com\/\" target=\"_blank\" rel=\"noopener\">MoveNote<\/a><\/strong><\/li>\n<\/ul>\n<p>Para crear lecciones en video<\/p>\n<ul>\n<li><strong><a href=\"http:\/\/www.screencast-o-matic.com\/\" target=\"_blank\" rel=\"noopener\">Screencat_o_Matic<\/a><\/strong><\/li>\n<\/ul>\n<p>Para crear lecciones en video<\/p>\n<ul>\n<li><strong><a href=\"https:\/\/edpuzzle.com\/\" target=\"_blank\" rel=\"noopener\">EdPuzzle<\/a><\/strong><\/li>\n<\/ul>\n<p>Para crear lecciones en video<\/p>\n<ul>\n<li><strong><a title=\"Coggle\" href=\"https:\/\/coggle.it\/\" target=\"_blank\" rel=\"nofollow noopener\">Coggle<\/a><\/strong><\/li>\n<\/ul>\n<p>Para la creaci\u00f3n colaborativa de mapas mentales<\/p>\n<ul>\n<li><a title=\"Popplet\" href=\"http:\/\/popplet.com\/\" target=\"_blank\" rel=\"nofollow noopener\"><strong>Popplet<\/strong><\/a><\/li>\n<\/ul>\n<p>Para la creaci\u00f3n\u00a0 de mapas mentales<\/p>\n<ul>\n<li>\u00a0<a href=\"https:\/\/tellagami.com\/edu\/\" target=\"_blank\" rel=\"noopener\">TELLAGAMI<\/a><\/li>\n<\/ul>\n<p>Aplicaci\u00f3n para producciones orales cortas en varios idiomas.<\/p>\n<p>&nbsp;<\/p>\n<ul>\n<li><a href=\"https:\/\/learning.goanimate.com\/is-now-vyond\/?gclid=Cj0KCQiA-onjBRDSARIsAEZXcKYhFVWNxTtPCUlEUPMEmYJbqqLB71uDet1HyMB7LNXsSl5VRdK9FCoaApBiEALw_wcB\" target=\"_blank\" rel=\"noopener\">GO ANIMATE<\/a><\/li>\n<\/ul>\n<p>Herramienta 2.0 muy \u00fatil para crear v\u00eddeos animados. Tiene un gran potencial educativo, con un poco de imaginaci\u00f3n podremos crear fant\u00e1sticos v\u00eddeos.<\/p>\n<p>&nbsp;<\/p>\n<p>&nbsp;<\/p>\n<p>&nbsp;<\/p>\n<p>&nbsp;<\/p>\n<p style=\"text-align: center\">Os animamos a que nos hag\u00e1is llegar informaci\u00f3n sobre cualesquiera otras que conozc\u00e1is y que tengan una aplicaci\u00f3n pedag\u00f3gica.<\/p>\n<p style=\"text-align: center\">\n<div class=\"pntrst_main_before_after\"><\/div>","protected":false},"excerpt":{"rendered":"<p>&nbsp; SELECCI\u00d3N DE HERRAMIENTAS DIGITALES\u00a0 CON M\u00daLTIPLES USOS PEDAG\u00d3GICOS &nbsp; http:\/\/www.youngmarketing.co\/11-herramientas-digitales-que-todo-profesor-deberia-tener-en-cuenta\/ &nbsp; &nbsp; https:\/\/storybird.com https:\/\/apfvalblog.blogspot.com\/2014\/01\/creer-des-histoires-illustrees-avec.html http:\/\/carrefour-education.qc.ca\/formation_virtuelle\/storybird_ecrire_des_histoires Tutoriel vid\u00e9o pour l\u2019enseignant qui d\u00e9sire inscrire ses \u00e9l\u00e8ves Tutoriel Storybird en pdf (Learn Qu\u00e9bec) Tutoriels en espagnol Tutoriel-vid\u00e9o Ressources similaires StoryBird: Ecrire des &hellip; <a href=\"https:\/\/blogs.iesoretania.es\/biblioteca\/herramientas-tic\/\">Sigue leyendo <span class=\"meta-nav\">&rarr;<\/span><\/a><\/p>\n","protected":false},"author":5,"featured_media":0,"parent":0,"menu_order":0,"comment_status":"closed","ping_status":"closed","template":"","meta":[],"_links":{"self":[{"href":"https:\/\/blogs.iesoretania.es\/biblioteca\/wp-json\/wp\/v2\/pages\/1031"}],"collection":[{"href":"https:\/\/blogs.iesoretania.es\/biblioteca\/wp-json\/wp\/v2\/pages"}],"about":[{"href":"https:\/\/blogs.iesoretania.es\/biblioteca\/wp-json\/wp\/v2\/types\/page"}],"author":[{"embeddable":true,"href":"https:\/\/blogs.iesoretania.es\/biblioteca\/wp-json\/wp\/v2\/users\/5"}],"replies":[{"embeddable":true,"href":"https:\/\/blogs.iesoretania.es\/biblioteca\/wp-json\/wp\/v2\/comments?post=1031"}],"version-history":[{"count":41,"href":"https:\/\/blogs.iesoretania.es\/biblioteca\/wp-json\/wp\/v2\/pages\/1031\/revisions"}],"predecessor-version":[{"id":1157,"href":"https:\/\/blogs.iesoretania.es\/biblioteca\/wp-json\/wp\/v2\/pages\/1031\/revisions\/1157"}],"wp:attachment":[{"href":"https:\/\/blogs.iesoretania.es\/biblioteca\/wp-json\/wp\/v2\/media?parent=1031"}],"curies":[{"name":"wp","href":"https:\/\/api.w.org\/{rel}","templated":true}]}}