{"id":1511,"date":"2021-05-19T04:52:16","date_gmt":"2021-05-19T04:52:16","guid":{"rendered":"http:\/\/blogs.iesoretania.es\/biblioteca\/?page_id=1511"},"modified":"2021-05-19T04:52:16","modified_gmt":"2021-05-19T04:52:16","slug":"radio-arrayane","status":"publish","type":"page","link":"https:\/\/blogs.iesoretania.es\/biblioteca\/radio-arrayane\/","title":{"rendered":"RADIO ARRAYAN\u00c9"},"content":{"rendered":"<div class=\"fcbkbttn_buttons_block\" id=\"fcbkbttn_left\"><div class=\"fcbkbttn_button\">\n                            <a href=\"https:\/\/www.facebook.com\/\" target=\"_blank\">\n                                <img src=\"https:\/\/blogs.iesoretania.es\/biblioteca\/wp-content\/plugins\/social-buttons-pack\/facebook-button-plugin\/images\/standard-facebook-ico.png\" alt=\"Fb-Button\" \/>\n                            <\/a>\n                        <\/div><div class=\"fcbkbttn_like \"><fb:like href=\"https:\/\/blogs.iesoretania.es\/biblioteca\/radio-arrayane\/\" action=\"like\" colorscheme=\"light\" layout=\"standard\" show-faces='false' width=\"450px\" size=\"small\"><\/fb:like><\/div><\/div><div class=\"pntrst_main_before_after\"><div class=\"pntrst-button-wrap\">\r\n\t\t\t\t\t\t\t<a data-pin-do=\"buttonBookmark\" data-pin-custom=\"\" href=\"https:\/\/www.pinterest.com\/pin\/create\/button\/\"><img data-pin-nopin=\"1\" class=\"pntrst-custom-pin\" src=\"https:\/\/blogs.iesoretania.es\/biblioteca\/wp-content\/plugins\/social-buttons-pack\/bws-pinterest\/images\/pin.png\" width=\"60\"><\/a>\r\n\t\t\t\t\t\t<\/div><\/div><div class=\"twttr_buttons\"><div class=\"twttr_twitter\">\n\t\t\t\t\t<a href=\"http:\/\/twitter.com\/share?text=RADIO+ARRAYAN%C3%89\" class=\"twitter-share-button\" data-via=\"\" data-hashtags=\"\"  data-size=\"default\" data-url=\"https:\/\/blogs.iesoretania.es\/biblioteca\/radio-arrayane\/\"  data-related=\"\" target=\"_blank\">Tweet<\/a>\n\t\t\t\t<\/div><\/div>\n<p>Os presentamos el extraordinario trabajo realizado por nuestro alumnado de 2\u00ba de ESO y su formidable profesora.<\/p>\n\n\n\n<p>Se trata de una plataforma en la que el alumnado ha elaborado diversos podcast.<\/p>\n\n\n\n<p>T\u00e9cnicamente, un <strong>podcast<\/strong> es una publicaci\u00f3n digital peri\u00f3dica en audio o v\u00eddeo <strong>que<\/strong> se puede descargar de internet. Sencillamente se trata de un programa de radio personalizable y descargable <strong>que<\/strong> puede montarse en una web o blog.<\/p>\n\n\n\n<p>Los <strong>podcasts<\/strong> son una serie de episodios grabados en audio y transmitidos online. Estos pueden ser grabados en diferentes formatos, siendo los m\u00e1s comunes entrevistas entre invitado y presentador y grabaciones individuales donde el presentador (o presentadores) comenta sobre un tema espec\u00edfico.<\/p>\n\n\n\n<p class=\"has-text-align-center\">Aqu\u00ed ten\u00e9is el enlace:<\/p>\n\n\n\n<p class=\"has-text-align-center\"><a href=\"http:\/\/PLATAFORMA DE PODCAST DEL ALUMNADO DE 2\u00ba DE ESO  https:\/\/arrayanefm.wordpress.com\/\">http:\/\/https:\/\/arrayanefm.wordpress.com\/<\/a><\/p>\n\n\n\n<p><\/p>\n\n\n\n<div class=\"wp-block-image\"><figure class=\"aligncenter\"><img loading=\"lazy\" width=\"500\" height=\"500\" src=\"http:\/\/blogs.iesoretania.es\/biblioteca\/files\/2021\/05\/IMG-20210425-WA0000.jpg\" alt=\"\" class=\"wp-image-1434\" srcset=\"https:\/\/blogs.iesoretania.es\/biblioteca\/files\/2021\/05\/IMG-20210425-WA0000.jpg 500w, https:\/\/blogs.iesoretania.es\/biblioteca\/files\/2021\/05\/IMG-20210425-WA0000-300x300.jpg 300w, https:\/\/blogs.iesoretania.es\/biblioteca\/files\/2021\/05\/IMG-20210425-WA0000-150x150.jpg 150w\" sizes=\"(max-width: 500px) 100vw, 500px\" \/><\/figure><\/div>\n\n\n\n<div class=\"wp-block-image\"><figure class=\"aligncenter\"><img loading=\"lazy\" width=\"199\" height=\"300\" src=\"http:\/\/blogs.iesoretania.es\/biblioteca\/files\/2021\/05\/RADIO-199x300.png\" alt=\"\" class=\"wp-image-1432\" srcset=\"https:\/\/blogs.iesoretania.es\/biblioteca\/files\/2021\/05\/RADIO-199x300.png 199w, https:\/\/blogs.iesoretania.es\/biblioteca\/files\/2021\/05\/RADIO.png 538w\" sizes=\"(max-width: 199px) 100vw, 199px\" \/><\/figure><\/div>\n\n\n\n<p><\/p>\n<div class=\"pntrst_main_before_after\"><\/div>","protected":false},"excerpt":{"rendered":"<p>Os presentamos el extraordinario trabajo realizado por nuestro alumnado de 2\u00ba de ESO y su formidable profesora. Se trata de una plataforma en la que el alumnado ha elaborado diversos podcast. T\u00e9cnicamente, un podcast es una publicaci\u00f3n digital peri\u00f3dica en &hellip; <a href=\"https:\/\/blogs.iesoretania.es\/biblioteca\/radio-arrayane\/\">Sigue leyendo <span class=\"meta-nav\">&rarr;<\/span><\/a><\/p>\n","protected":false},"author":5,"featured_media":0,"parent":0,"menu_order":0,"comment_status":"closed","ping_status":"closed","template":"","meta":[],"_links":{"self":[{"href":"https:\/\/blogs.iesoretania.es\/biblioteca\/wp-json\/wp\/v2\/pages\/1511"}],"collection":[{"href":"https:\/\/blogs.iesoretania.es\/biblioteca\/wp-json\/wp\/v2\/pages"}],"about":[{"href":"https:\/\/blogs.iesoretania.es\/biblioteca\/wp-json\/wp\/v2\/types\/page"}],"author":[{"embeddable":true,"href":"https:\/\/blogs.iesoretania.es\/biblioteca\/wp-json\/wp\/v2\/users\/5"}],"replies":[{"embeddable":true,"href":"https:\/\/blogs.iesoretania.es\/biblioteca\/wp-json\/wp\/v2\/comments?post=1511"}],"version-history":[{"count":1,"href":"https:\/\/blogs.iesoretania.es\/biblioteca\/wp-json\/wp\/v2\/pages\/1511\/revisions"}],"predecessor-version":[{"id":1512,"href":"https:\/\/blogs.iesoretania.es\/biblioteca\/wp-json\/wp\/v2\/pages\/1511\/revisions\/1512"}],"wp:attachment":[{"href":"https:\/\/blogs.iesoretania.es\/biblioteca\/wp-json\/wp\/v2\/media?parent=1511"}],"curies":[{"name":"wp","href":"https:\/\/api.w.org\/{rel}","templated":true}]}}