{"id":415,"date":"2014-04-09T09:54:02","date_gmt":"2014-04-09T09:54:02","guid":{"rendered":"http:\/\/blogs.iesoretania.es\/biblioteca\/?page_id=415"},"modified":"2014-04-09T10:13:16","modified_gmt":"2014-04-09T10:13:16","slug":"revista-digital","status":"publish","type":"page","link":"https:\/\/blogs.iesoretania.es\/biblioteca\/revista-digital\/","title":{"rendered":"REVISTA DIGITAL"},"content":{"rendered":"<div class=\"fcbkbttn_buttons_block\" id=\"fcbkbttn_left\"><div class=\"fcbkbttn_button\">\n                            <a href=\"https:\/\/www.facebook.com\/\" target=\"_blank\">\n                                <img src=\"https:\/\/blogs.iesoretania.es\/biblioteca\/wp-content\/plugins\/social-buttons-pack\/facebook-button-plugin\/images\/standard-facebook-ico.png\" alt=\"Fb-Button\" \/>\n                            <\/a>\n                        <\/div><div class=\"fcbkbttn_like \"><fb:like href=\"https:\/\/blogs.iesoretania.es\/biblioteca\/revista-digital\/\" action=\"like\" colorscheme=\"light\" layout=\"standard\" show-faces='false' width=\"450px\" size=\"small\"><\/fb:like><\/div><\/div><div class=\"pntrst_main_before_after\"><div class=\"pntrst-button-wrap\">\r\n\t\t\t\t\t\t\t<a data-pin-do=\"buttonBookmark\" data-pin-custom=\"\" href=\"https:\/\/www.pinterest.com\/pin\/create\/button\/\"><img data-pin-nopin=\"1\" class=\"pntrst-custom-pin\" src=\"https:\/\/blogs.iesoretania.es\/biblioteca\/wp-content\/plugins\/social-buttons-pack\/bws-pinterest\/images\/pin.png\" width=\"60\"><\/a>\r\n\t\t\t\t\t\t<\/div><\/div><div class=\"twttr_buttons\"><div class=\"twttr_twitter\">\n\t\t\t\t\t<a href=\"http:\/\/twitter.com\/share?text=REVISTA+DIGITAL\" class=\"twitter-share-button\" data-via=\"\" data-hashtags=\"\"  data-size=\"default\" data-url=\"https:\/\/blogs.iesoretania.es\/biblioteca\/revista-digital\/\"  data-related=\"\" target=\"_blank\">Tweet<\/a>\n\t\t\t\t<\/div><\/div><p>&nbsp;<\/p>\n<p style=\"text-align: center\"><a href=\"http:\/\/blogs.iesoretania.es\/biblioteca\/files\/2014\/04\/Revista-virtual-alumnos-bachillerato-Roc\u00edo-Alba-Elvira-Ra\u00fal-TERMINADO.pdf-P\u00e1gina-1.jpg\"><img loading=\"lazy\" class=\"aligncenter size-full wp-image-419\" alt=\"Revista virtual alumnos bachillerato Roc\u00edo, Alba, Elvira , Ra\u00fal TERMINADO.pdf-P\u00e1gina 1\" src=\"http:\/\/blogs.iesoretania.es\/biblioteca\/files\/2014\/04\/Revista-virtual-alumnos-bachillerato-Roc\u00edo-Alba-Elvira-Ra\u00fal-TERMINADO.pdf-P\u00e1gina-1.jpg\" width=\"1099\" height=\"1699\" srcset=\"https:\/\/blogs.iesoretania.es\/biblioteca\/files\/2014\/04\/Revista-virtual-alumnos-bachillerato-Roc\u00edo-Alba-Elvira-Ra\u00fal-TERMINADO.pdf-P\u00e1gina-1.jpg 1099w, https:\/\/blogs.iesoretania.es\/biblioteca\/files\/2014\/04\/Revista-virtual-alumnos-bachillerato-Roc\u00edo-Alba-Elvira-Ra\u00fal-TERMINADO.pdf-P\u00e1gina-1-194x300.jpg 194w, https:\/\/blogs.iesoretania.es\/biblioteca\/files\/2014\/04\/Revista-virtual-alumnos-bachillerato-Roc\u00edo-Alba-Elvira-Ra\u00fal-TERMINADO.pdf-P\u00e1gina-1-662x1024.jpg 662w\" sizes=\"(max-width: 1099px) 100vw, 1099px\" \/><\/a><a href=\"http:\/\/blogs.iesoretania.es\/biblioteca\/files\/2014\/04\/Revista-virtual-alumnos-bachillerato-Roc\u00edo-Alba-Elvira-Ra\u00fal-TERMINADO.pdf-P\u00e1gina-2.jpg\"><img loading=\"lazy\" class=\"aligncenter size-full wp-image-421\" alt=\"Revista virtual alumnos bachillerato Roc\u00edo, Alba, Elvira , Ra\u00fal TERMINADO.pdf-P\u00e1gina 2\" src=\"http:\/\/blogs.iesoretania.es\/biblioteca\/files\/2014\/04\/Revista-virtual-alumnos-bachillerato-Roc\u00edo-Alba-Elvira-Ra\u00fal-TERMINADO.pdf-P\u00e1gina-2.jpg\" width=\"1099\" height=\"1699\" srcset=\"https:\/\/blogs.iesoretania.es\/biblioteca\/files\/2014\/04\/Revista-virtual-alumnos-bachillerato-Roc\u00edo-Alba-Elvira-Ra\u00fal-TERMINADO.pdf-P\u00e1gina-2.jpg 1099w, https:\/\/blogs.iesoretania.es\/biblioteca\/files\/2014\/04\/Revista-virtual-alumnos-bachillerato-Roc\u00edo-Alba-Elvira-Ra\u00fal-TERMINADO.pdf-P\u00e1gina-2-194x300.jpg 194w, https:\/\/blogs.iesoretania.es\/biblioteca\/files\/2014\/04\/Revista-virtual-alumnos-bachillerato-Roc\u00edo-Alba-Elvira-Ra\u00fal-TERMINADO.pdf-P\u00e1gina-2-662x1024.jpg 662w\" sizes=\"(max-width: 1099px) 100vw, 1099px\" \/><\/a><a href=\"http:\/\/blogs.iesoretania.es\/biblioteca\/files\/2014\/04\/Revista-virtual-alumnos-bachillerato-Roc\u00edo-Alba-Elvira-Ra\u00fal-TERMINADO.pdf-P\u00e1gina-3.jpg\"><img loading=\"lazy\" class=\"aligncenter size-full wp-image-422\" alt=\"Revista virtual alumnos bachillerato Roc\u00edo, Alba, Elvira , Ra\u00fal TERMINADO.pdf-P\u00e1gina 3\" src=\"http:\/\/blogs.iesoretania.es\/biblioteca\/files\/2014\/04\/Revista-virtual-alumnos-bachillerato-Roc\u00edo-Alba-Elvira-Ra\u00fal-TERMINADO.pdf-P\u00e1gina-3.jpg\" width=\"1099\" height=\"1699\" srcset=\"https:\/\/blogs.iesoretania.es\/biblioteca\/files\/2014\/04\/Revista-virtual-alumnos-bachillerato-Roc\u00edo-Alba-Elvira-Ra\u00fal-TERMINADO.pdf-P\u00e1gina-3.jpg 1099w, https:\/\/blogs.iesoretania.es\/biblioteca\/files\/2014\/04\/Revista-virtual-alumnos-bachillerato-Roc\u00edo-Alba-Elvira-Ra\u00fal-TERMINADO.pdf-P\u00e1gina-3-194x300.jpg 194w, https:\/\/blogs.iesoretania.es\/biblioteca\/files\/2014\/04\/Revista-virtual-alumnos-bachillerato-Roc\u00edo-Alba-Elvira-Ra\u00fal-TERMINADO.pdf-P\u00e1gina-3-662x1024.jpg 662w\" sizes=\"(max-width: 1099px) 100vw, 1099px\" \/><\/a> <a href=\"http:\/\/blogs.iesoretania.es\/biblioteca\/files\/2014\/04\/Revista-virtual-alumnos-bachillerato-Roc\u00edo-Alba-Elvira-Ra\u00fal-TERMINADO.pdf-P\u00e1gina-4.jpg\"><img loading=\"lazy\" class=\"aligncenter size-full wp-image-423\" alt=\"Revista virtual alumnos bachillerato Roc\u00edo, Alba, Elvira , Ra\u00fal TERMINADO.pdf-P\u00e1gina 4\" src=\"http:\/\/blogs.iesoretania.es\/biblioteca\/files\/2014\/04\/Revista-virtual-alumnos-bachillerato-Roc\u00edo-Alba-Elvira-Ra\u00fal-TERMINADO.pdf-P\u00e1gina-4.jpg\" width=\"1099\" height=\"1699\" srcset=\"https:\/\/blogs.iesoretania.es\/biblioteca\/files\/2014\/04\/Revista-virtual-alumnos-bachillerato-Roc\u00edo-Alba-Elvira-Ra\u00fal-TERMINADO.pdf-P\u00e1gina-4.jpg 1099w, https:\/\/blogs.iesoretania.es\/biblioteca\/files\/2014\/04\/Revista-virtual-alumnos-bachillerato-Roc\u00edo-Alba-Elvira-Ra\u00fal-TERMINADO.pdf-P\u00e1gina-4-194x300.jpg 194w, https:\/\/blogs.iesoretania.es\/biblioteca\/files\/2014\/04\/Revista-virtual-alumnos-bachillerato-Roc\u00edo-Alba-Elvira-Ra\u00fal-TERMINADO.pdf-P\u00e1gina-4-662x1024.jpg 662w\" sizes=\"(max-width: 1099px) 100vw, 1099px\" \/><\/a><a href=\"http:\/\/blogs.iesoretania.es\/biblioteca\/files\/2014\/04\/Revista-virtual-alumnos-bachillerato-Roc\u00edo-Alba-Elvira-Ra\u00fal-TERMINADO.pdf-P\u00e1gina-5.jpg\"><img loading=\"lazy\" class=\"aligncenter size-full wp-image-424\" alt=\"Revista virtual alumnos bachillerato Roc\u00edo, Alba, Elvira , Ra\u00fal TERMINADO.pdf-P\u00e1gina 5\" src=\"http:\/\/blogs.iesoretania.es\/biblioteca\/files\/2014\/04\/Revista-virtual-alumnos-bachillerato-Roc\u00edo-Alba-Elvira-Ra\u00fal-TERMINADO.pdf-P\u00e1gina-5.jpg\" width=\"1099\" height=\"1699\" srcset=\"https:\/\/blogs.iesoretania.es\/biblioteca\/files\/2014\/04\/Revista-virtual-alumnos-bachillerato-Roc\u00edo-Alba-Elvira-Ra\u00fal-TERMINADO.pdf-P\u00e1gina-5.jpg 1099w, https:\/\/blogs.iesoretania.es\/biblioteca\/files\/2014\/04\/Revista-virtual-alumnos-bachillerato-Roc\u00edo-Alba-Elvira-Ra\u00fal-TERMINADO.pdf-P\u00e1gina-5-194x300.jpg 194w, https:\/\/blogs.iesoretania.es\/biblioteca\/files\/2014\/04\/Revista-virtual-alumnos-bachillerato-Roc\u00edo-Alba-Elvira-Ra\u00fal-TERMINADO.pdf-P\u00e1gina-5-662x1024.jpg 662w\" sizes=\"(max-width: 1099px) 100vw, 1099px\" \/><\/a><a href=\"http:\/\/blogs.iesoretania.es\/biblioteca\/files\/2014\/04\/Revista-virtual-alumnos-bachillerato-Roc\u00edo-Alba-Elvira-Ra\u00fal-TERMINADO.pdf-P\u00e1gina-6.jpg\"><img loading=\"lazy\" class=\"aligncenter size-full wp-image-425\" alt=\"Revista virtual alumnos bachillerato Roc\u00edo, Alba, Elvira , Ra\u00fal TERMINADO.pdf-P\u00e1gina 6\" src=\"http:\/\/blogs.iesoretania.es\/biblioteca\/files\/2014\/04\/Revista-virtual-alumnos-bachillerato-Roc\u00edo-Alba-Elvira-Ra\u00fal-TERMINADO.pdf-P\u00e1gina-6.jpg\" width=\"1099\" height=\"1699\" srcset=\"https:\/\/blogs.iesoretania.es\/biblioteca\/files\/2014\/04\/Revista-virtual-alumnos-bachillerato-Roc\u00edo-Alba-Elvira-Ra\u00fal-TERMINADO.pdf-P\u00e1gina-6.jpg 1099w, https:\/\/blogs.iesoretania.es\/biblioteca\/files\/2014\/04\/Revista-virtual-alumnos-bachillerato-Roc\u00edo-Alba-Elvira-Ra\u00fal-TERMINADO.pdf-P\u00e1gina-6-194x300.jpg 194w, https:\/\/blogs.iesoretania.es\/biblioteca\/files\/2014\/04\/Revista-virtual-alumnos-bachillerato-Roc\u00edo-Alba-Elvira-Ra\u00fal-TERMINADO.pdf-P\u00e1gina-6-662x1024.jpg 662w\" sizes=\"(max-width: 1099px) 100vw, 1099px\" \/><\/a><a href=\"http:\/\/blogs.iesoretania.es\/biblioteca\/files\/2014\/04\/Revista-virtual-alumnos-bachillerato-Roc\u00edo-Alba-Elvira-Ra\u00fal-TERMINADO.pdf-P\u00e1gina-8.jpg\"><img loading=\"lazy\" class=\"aligncenter size-full wp-image-426\" alt=\"Revista virtual alumnos bachillerato Roc\u00edo, Alba, Elvira , Ra\u00fal TERMINADO.pdf-P\u00e1gina 8\" src=\"http:\/\/blogs.iesoretania.es\/biblioteca\/files\/2014\/04\/Revista-virtual-alumnos-bachillerato-Roc\u00edo-Alba-Elvira-Ra\u00fal-TERMINADO.pdf-P\u00e1gina-8.jpg\" width=\"1099\" height=\"1699\" srcset=\"https:\/\/blogs.iesoretania.es\/biblioteca\/files\/2014\/04\/Revista-virtual-alumnos-bachillerato-Roc\u00edo-Alba-Elvira-Ra\u00fal-TERMINADO.pdf-P\u00e1gina-8.jpg 1099w, https:\/\/blogs.iesoretania.es\/biblioteca\/files\/2014\/04\/Revista-virtual-alumnos-bachillerato-Roc\u00edo-Alba-Elvira-Ra\u00fal-TERMINADO.pdf-P\u00e1gina-8-194x300.jpg 194w, https:\/\/blogs.iesoretania.es\/biblioteca\/files\/2014\/04\/Revista-virtual-alumnos-bachillerato-Roc\u00edo-Alba-Elvira-Ra\u00fal-TERMINADO.pdf-P\u00e1gina-8-662x1024.jpg 662w\" sizes=\"(max-width: 1099px) 100vw, 1099px\" \/><\/a><a href=\"http:\/\/blogs.iesoretania.es\/biblioteca\/files\/2014\/04\/Revista-virtual-alumnos-bachillerato-Roc\u00edo-Alba-Elvira-Ra\u00fal-TERMINADO.pdf-P\u00e1gina-9.jpg\"><img loading=\"lazy\" class=\"aligncenter size-full wp-image-427\" alt=\"Revista virtual alumnos bachillerato Roc\u00edo, Alba, Elvira , Ra\u00fal TERMINADO.pdf-P\u00e1gina 9\" src=\"http:\/\/blogs.iesoretania.es\/biblioteca\/files\/2014\/04\/Revista-virtual-alumnos-bachillerato-Roc\u00edo-Alba-Elvira-Ra\u00fal-TERMINADO.pdf-P\u00e1gina-9.jpg\" width=\"1099\" height=\"1699\" srcset=\"https:\/\/blogs.iesoretania.es\/biblioteca\/files\/2014\/04\/Revista-virtual-alumnos-bachillerato-Roc\u00edo-Alba-Elvira-Ra\u00fal-TERMINADO.pdf-P\u00e1gina-9.jpg 1099w, https:\/\/blogs.iesoretania.es\/biblioteca\/files\/2014\/04\/Revista-virtual-alumnos-bachillerato-Roc\u00edo-Alba-Elvira-Ra\u00fal-TERMINADO.pdf-P\u00e1gina-9-194x300.jpg 194w, https:\/\/blogs.iesoretania.es\/biblioteca\/files\/2014\/04\/Revista-virtual-alumnos-bachillerato-Roc\u00edo-Alba-Elvira-Ra\u00fal-TERMINADO.pdf-P\u00e1gina-9-662x1024.jpg 662w\" sizes=\"(max-width: 1099px) 100vw, 1099px\" \/><\/a><a href=\"http:\/\/blogs.iesoretania.es\/biblioteca\/files\/2014\/04\/Revista-virtual-alumnos-bachillerato-Roc\u00edo-Alba-Elvira-Ra\u00fal-TERMINADO.pdf-P\u00e1gina-10.jpg\"><img loading=\"lazy\" class=\"aligncenter size-full wp-image-428\" alt=\"Revista virtual alumnos bachillerato Roc\u00edo, Alba, Elvira , Ra\u00fal TERMINADO.pdf-P\u00e1gina 10\" src=\"http:\/\/blogs.iesoretania.es\/biblioteca\/files\/2014\/04\/Revista-virtual-alumnos-bachillerato-Roc\u00edo-Alba-Elvira-Ra\u00fal-TERMINADO.pdf-P\u00e1gina-10.jpg\" width=\"1099\" height=\"1699\" srcset=\"https:\/\/blogs.iesoretania.es\/biblioteca\/files\/2014\/04\/Revista-virtual-alumnos-bachillerato-Roc\u00edo-Alba-Elvira-Ra\u00fal-TERMINADO.pdf-P\u00e1gina-10.jpg 1099w, https:\/\/blogs.iesoretania.es\/biblioteca\/files\/2014\/04\/Revista-virtual-alumnos-bachillerato-Roc\u00edo-Alba-Elvira-Ra\u00fal-TERMINADO.pdf-P\u00e1gina-10-194x300.jpg 194w, https:\/\/blogs.iesoretania.es\/biblioteca\/files\/2014\/04\/Revista-virtual-alumnos-bachillerato-Roc\u00edo-Alba-Elvira-Ra\u00fal-TERMINADO.pdf-P\u00e1gina-10-662x1024.jpg 662w\" sizes=\"(max-width: 1099px) 100vw, 1099px\" \/><\/a><a href=\"http:\/\/blogs.iesoretania.es\/biblioteca\/files\/2014\/04\/Revista-virtual-alumnos-bachillerato-Roc\u00edo-Alba-Elvira-Ra\u00fal-TERMINADO.pdf-P\u00e1gina-11.jpg\"><img loading=\"lazy\" class=\"aligncenter size-full wp-image-429\" alt=\"Revista virtual alumnos bachillerato Roc\u00edo, Alba, Elvira , Ra\u00fal TERMINADO.pdf-P\u00e1gina 11\" src=\"http:\/\/blogs.iesoretania.es\/biblioteca\/files\/2014\/04\/Revista-virtual-alumnos-bachillerato-Roc\u00edo-Alba-Elvira-Ra\u00fal-TERMINADO.pdf-P\u00e1gina-11.jpg\" width=\"1099\" height=\"1699\" srcset=\"https:\/\/blogs.iesoretania.es\/biblioteca\/files\/2014\/04\/Revista-virtual-alumnos-bachillerato-Roc\u00edo-Alba-Elvira-Ra\u00fal-TERMINADO.pdf-P\u00e1gina-11.jpg 1099w, https:\/\/blogs.iesoretania.es\/biblioteca\/files\/2014\/04\/Revista-virtual-alumnos-bachillerato-Roc\u00edo-Alba-Elvira-Ra\u00fal-TERMINADO.pdf-P\u00e1gina-11-194x300.jpg 194w, https:\/\/blogs.iesoretania.es\/biblioteca\/files\/2014\/04\/Revista-virtual-alumnos-bachillerato-Roc\u00edo-Alba-Elvira-Ra\u00fal-TERMINADO.pdf-P\u00e1gina-11-662x1024.jpg 662w\" sizes=\"(max-width: 1099px) 100vw, 1099px\" \/><\/a><a href=\"http:\/\/blogs.iesoretania.es\/biblioteca\/files\/2014\/04\/Revista-virtual-alumnos-bachillerato-Roc\u00edo-Alba-Elvira-Ra\u00fal-TERMINADO.pdf-P\u00e1gina-12.jpg\"><img loading=\"lazy\" class=\"aligncenter size-full wp-image-430\" alt=\"Revista virtual alumnos bachillerato Roc\u00edo, Alba, Elvira , Ra\u00fal TERMINADO.pdf-P\u00e1gina 12\" src=\"http:\/\/blogs.iesoretania.es\/biblioteca\/files\/2014\/04\/Revista-virtual-alumnos-bachillerato-Roc\u00edo-Alba-Elvira-Ra\u00fal-TERMINADO.pdf-P\u00e1gina-12.jpg\" width=\"1099\" height=\"1699\" srcset=\"https:\/\/blogs.iesoretania.es\/biblioteca\/files\/2014\/04\/Revista-virtual-alumnos-bachillerato-Roc\u00edo-Alba-Elvira-Ra\u00fal-TERMINADO.pdf-P\u00e1gina-12.jpg 1099w, https:\/\/blogs.iesoretania.es\/biblioteca\/files\/2014\/04\/Revista-virtual-alumnos-bachillerato-Roc\u00edo-Alba-Elvira-Ra\u00fal-TERMINADO.pdf-P\u00e1gina-12-194x300.jpg 194w, https:\/\/blogs.iesoretania.es\/biblioteca\/files\/2014\/04\/Revista-virtual-alumnos-bachillerato-Roc\u00edo-Alba-Elvira-Ra\u00fal-TERMINADO.pdf-P\u00e1gina-12-662x1024.jpg 662w\" sizes=\"(max-width: 1099px) 100vw, 1099px\" \/><\/a><a href=\"http:\/\/blogs.iesoretania.es\/biblioteca\/files\/2014\/04\/Revista-virtual-alumnos-bachillerato-Roc\u00edo-Alba-Elvira-Ra\u00fal-TERMINADO.pdf-P\u00e1gina-13.jpg\"><img loading=\"lazy\" class=\"aligncenter size-full wp-image-431\" alt=\"Revista virtual alumnos bachillerato Roc\u00edo, Alba, Elvira , Ra\u00fal TERMINADO.pdf-P\u00e1gina 13\" src=\"http:\/\/blogs.iesoretania.es\/biblioteca\/files\/2014\/04\/Revista-virtual-alumnos-bachillerato-Roc\u00edo-Alba-Elvira-Ra\u00fal-TERMINADO.pdf-P\u00e1gina-13.jpg\" width=\"1099\" height=\"1699\" srcset=\"https:\/\/blogs.iesoretania.es\/biblioteca\/files\/2014\/04\/Revista-virtual-alumnos-bachillerato-Roc\u00edo-Alba-Elvira-Ra\u00fal-TERMINADO.pdf-P\u00e1gina-13.jpg 1099w, https:\/\/blogs.iesoretania.es\/biblioteca\/files\/2014\/04\/Revista-virtual-alumnos-bachillerato-Roc\u00edo-Alba-Elvira-Ra\u00fal-TERMINADO.pdf-P\u00e1gina-13-194x300.jpg 194w, https:\/\/blogs.iesoretania.es\/biblioteca\/files\/2014\/04\/Revista-virtual-alumnos-bachillerato-Roc\u00edo-Alba-Elvira-Ra\u00fal-TERMINADO.pdf-P\u00e1gina-13-662x1024.jpg 662w\" sizes=\"(max-width: 1099px) 100vw, 1099px\" \/><\/a><a href=\"http:\/\/blogs.iesoretania.es\/biblioteca\/files\/2014\/04\/Revista-virtual-alumnos-bachillerato-Roc\u00edo-Alba-Elvira-Ra\u00fal-TERMINADO.pdf-P\u00e1gina-14.jpg\"><img loading=\"lazy\" class=\"aligncenter size-full wp-image-432\" alt=\"Revista virtual alumnos bachillerato Roc\u00edo, Alba, Elvira , Ra\u00fal TERMINADO.pdf-P\u00e1gina 14\" src=\"http:\/\/blogs.iesoretania.es\/biblioteca\/files\/2014\/04\/Revista-virtual-alumnos-bachillerato-Roc\u00edo-Alba-Elvira-Ra\u00fal-TERMINADO.pdf-P\u00e1gina-14.jpg\" width=\"1099\" height=\"1699\" srcset=\"https:\/\/blogs.iesoretania.es\/biblioteca\/files\/2014\/04\/Revista-virtual-alumnos-bachillerato-Roc\u00edo-Alba-Elvira-Ra\u00fal-TERMINADO.pdf-P\u00e1gina-14.jpg 1099w, https:\/\/blogs.iesoretania.es\/biblioteca\/files\/2014\/04\/Revista-virtual-alumnos-bachillerato-Roc\u00edo-Alba-Elvira-Ra\u00fal-TERMINADO.pdf-P\u00e1gina-14-194x300.jpg 194w, https:\/\/blogs.iesoretania.es\/biblioteca\/files\/2014\/04\/Revista-virtual-alumnos-bachillerato-Roc\u00edo-Alba-Elvira-Ra\u00fal-TERMINADO.pdf-P\u00e1gina-14-662x1024.jpg 662w\" sizes=\"(max-width: 1099px) 100vw, 1099px\" \/><\/a><\/p>\n<p><a href=\"http:\/\/blogs.iesoretania.es\/biblioteca\/files\/2014\/04\/Revista-virtual-alumnos-bachillerato-Roc\u00edo-Alba-Elvira-Ra\u00fal-TERMINADO.pdf\">Revista virtual alumnos bachillerato Roc\u00edo, Alba, Elvira , Ra\u00fal TERMINADO<\/a><\/p>\n<p>&nbsp;<\/p>\n<div class=\"pntrst_main_before_after\"><\/div>","protected":false},"excerpt":{"rendered":"<p>&nbsp; Revista virtual alumnos bachillerato Roc\u00edo, Alba, Elvira , Ra\u00fal TERMINADO &nbsp;<\/p>\n","protected":false},"author":5,"featured_media":0,"parent":0,"menu_order":0,"comment_status":"closed","ping_status":"closed","template":"","meta":[],"_links":{"self":[{"href":"https:\/\/blogs.iesoretania.es\/biblioteca\/wp-json\/wp\/v2\/pages\/415"}],"collection":[{"href":"https:\/\/blogs.iesoretania.es\/biblioteca\/wp-json\/wp\/v2\/pages"}],"about":[{"href":"https:\/\/blogs.iesoretania.es\/biblioteca\/wp-json\/wp\/v2\/types\/page"}],"author":[{"embeddable":true,"href":"https:\/\/blogs.iesoretania.es\/biblioteca\/wp-json\/wp\/v2\/users\/5"}],"replies":[{"embeddable":true,"href":"https:\/\/blogs.iesoretania.es\/biblioteca\/wp-json\/wp\/v2\/comments?post=415"}],"version-history":[{"count":3,"href":"https:\/\/blogs.iesoretania.es\/biblioteca\/wp-json\/wp\/v2\/pages\/415\/revisions"}],"predecessor-version":[{"id":433,"href":"https:\/\/blogs.iesoretania.es\/biblioteca\/wp-json\/wp\/v2\/pages\/415\/revisions\/433"}],"wp:attachment":[{"href":"https:\/\/blogs.iesoretania.es\/biblioteca\/wp-json\/wp\/v2\/media?parent=415"}],"curies":[{"name":"wp","href":"https:\/\/api.w.org\/{rel}","templated":true}]}}