{"id":54,"date":"2013-11-21T16:59:58","date_gmt":"2013-11-21T16:59:58","guid":{"rendered":"http:\/\/blogs.iesoretania.es\/biblioteca\/?page_id=54"},"modified":"2014-01-19T10:47:54","modified_gmt":"2014-01-19T10:47:54","slug":"los-textos-que-nos-gustan","status":"publish","type":"page","link":"https:\/\/blogs.iesoretania.es\/biblioteca\/los-textos-que-nos-gustan\/","title":{"rendered":"LAS PALABRAS  QUE NOS GUSTAN"},"content":{"rendered":"<div class=\"fcbkbttn_buttons_block\" id=\"fcbkbttn_left\"><div class=\"fcbkbttn_button\">\n                            <a href=\"https:\/\/www.facebook.com\/\" target=\"_blank\">\n                                <img src=\"https:\/\/blogs.iesoretania.es\/biblioteca\/wp-content\/plugins\/social-buttons-pack\/facebook-button-plugin\/images\/standard-facebook-ico.png\" alt=\"Fb-Button\" \/>\n                            <\/a>\n                        <\/div><div class=\"fcbkbttn_like \"><fb:like href=\"https:\/\/blogs.iesoretania.es\/biblioteca\/los-textos-que-nos-gustan\/\" action=\"like\" colorscheme=\"light\" layout=\"standard\" show-faces='false' width=\"450px\" size=\"small\"><\/fb:like><\/div><\/div><div class=\"pntrst_main_before_after\"><div class=\"pntrst-button-wrap\">\r\n\t\t\t\t\t\t\t<a data-pin-do=\"buttonBookmark\" data-pin-custom=\"\" href=\"https:\/\/www.pinterest.com\/pin\/create\/button\/\"><img data-pin-nopin=\"1\" class=\"pntrst-custom-pin\" src=\"https:\/\/blogs.iesoretania.es\/biblioteca\/wp-content\/plugins\/social-buttons-pack\/bws-pinterest\/images\/pin.png\" width=\"60\"><\/a>\r\n\t\t\t\t\t\t<\/div><\/div><div class=\"twttr_buttons\"><div class=\"twttr_twitter\">\n\t\t\t\t\t<a href=\"http:\/\/twitter.com\/share?text=LAS+PALABRAS++QUE+NOS+GUSTAN\" class=\"twitter-share-button\" data-via=\"\" data-hashtags=\"\"  data-size=\"default\" data-url=\"https:\/\/blogs.iesoretania.es\/biblioteca\/los-textos-que-nos-gustan\/\"  data-related=\"\" target=\"_blank\">Tweet<\/a>\n\t\t\t\t<\/div><\/div><div id=\"attachment_55\" style=\"width: 748px\" class=\"wp-caption aligncenter\"><a href=\"http:\/\/blogs.iesoretania.es\/biblioteca\/files\/2013\/11\/book-112117_1920.jpg\"><img aria-describedby=\"caption-attachment-55\" loading=\"lazy\" class=\" wp-image-55 \" alt=\"book-112117_1920\" src=\"http:\/\/blogs.iesoretania.es\/biblioteca\/files\/2013\/11\/book-112117_1920.jpg\" width=\"738\" height=\"553\" srcset=\"https:\/\/blogs.iesoretania.es\/biblioteca\/files\/2013\/11\/book-112117_1920.jpg 1920w, https:\/\/blogs.iesoretania.es\/biblioteca\/files\/2013\/11\/book-112117_1920-300x225.jpg 300w, https:\/\/blogs.iesoretania.es\/biblioteca\/files\/2013\/11\/book-112117_1920-1024x768.jpg 1024w, https:\/\/blogs.iesoretania.es\/biblioteca\/files\/2013\/11\/book-112117_1920-400x300.jpg 400w\" sizes=\"(max-width: 738px) 100vw, 738px\" \/><\/a><p id=\"caption-attachment-55\" class=\"wp-caption-text\">Fuente:http:\/\/pixabay.com\/es\/<\/p><\/div>\n<p style=\"text-align: center\">\n<p style=\"text-align: center\">\u00bfPOR QU\u00c9 NO COMPARTIR LOS TEXTOS QUE NOS GUSTAN?<\/p>\n<p style=\"text-align: center\"><em><strong>Ah\u00ed va el primero \u00bfCual te gustar\u00eda compartir a t\u00ed?<\/strong><\/em><\/p>\n<p style=\"text-align: center\">LA GENTE QUE ME GUSTA (MARIO BENEDETTI)<br \/>\nMe gusta la gente que vibra,<br \/>\nque no hay que empujarla,<br \/>\nque no hay que decirle lo que hay que hacer ni que lo haga,<br \/>\n&#8230; sino que lo sabe y lo hace.<br \/>\nMe gusta la gente con capacidad<br \/>\npara medir las consecuencias de sus acciones,<br \/>\nque no deja las soluciones al azar.<br \/>\nMe gusta la gente justa con su gente y consigo misma,<br \/>\npero que no pierda de vista que somos humanos<br \/>\ny nos podemos equivocar.<br \/>\nMe gusta la gente que piensa<br \/>\nque el trabajo en equipo entre amigos,<br \/>\nproduce m\u00e1s que los ca\u00f3ticos esfuerzos individuales.<br \/>\nMe gusta la gente que sabe la importancia de la alegr\u00eda.<br \/>\nMe gusta la gente sincera y franca,<br \/>\ncapaz de oponerse con argumentos serenos<br \/>\ny razonables a las decisiones de un jefe.<br \/>\nMe gusta la gente de criterio,<br \/>\nla que no se averg\u00fcenza de reconocer<br \/>\nque no sabe algo que se equivoc\u00f3.<br \/>\nMe gusta la gente que al aceptar sus errores,<br \/>\nse esfuerza por no volver a cometerlos.<br \/>\nMe gusta la gente capaz de criticarme<br \/>\nconstructivamente y de frente,<br \/>\na \u00e9stos les llamo mis amigos.<br \/>\nMe gusta la gente que no desfallece<br \/>\ncuando de alcanzar ideas y objetivos se trata.<br \/>\nCon gente como esa, me comprometo a lo que sea,<br \/>\nya que con haber tenido a esa gente<br \/>\na mi lado me doy por bien retribuido.<\/p>\n<p style=\"text-align: center\"><strong><em>A VECES OTROS HAN DICHO COSAS QUE NOS HICIERON PENSAR. PODR\u00cdAMOS COMPARTIR ESAS REFLEXIONES, \u00bfQU\u00c9 TAL SI EMPIEZO YO?<\/em><\/strong><\/p>\n<ul>\n<li><!--\n@page { margin: 2cm }\nP { margin-bottom: 0.21cm }\n-->\u00abLa felicidad se alcanza cuando lo que uno piensa, lo que uno dice y lo que uno hace est\u00e1n en armon\u00eda\u00bb (Gandhi.)<\/li>\n<li><b>\u00abQue otros se jacten de las p\u00e1ginas que han escrito; a mi me enorgullecen las que he le\u00eddo.\u00bb<\/b> (Jorge Luis Borges.)<\/li>\n<li><i>\u00abMucha gente peque\u00f1a, en lugares peque\u00f1os, haciendo cosas peque\u00f1as, puede cambiar el mundo\u00bb<\/i><b><i>. (<\/i><\/b>Eduardo Galeano.<i><b>)<\/b><\/i><\/li>\n<\/ul>\n<p style=\"text-align: center\"><em><strong>Y t\u00fa, \u00bftienes ideas que compartir?<\/strong><\/em>&#8230;<\/p>\n<p>&nbsp;<\/p>\n<div class=\"pntrst_main_before_after\"><\/div>","protected":false},"excerpt":{"rendered":"<p>\u00bfPOR QU\u00c9 NO COMPARTIR LOS TEXTOS QUE NOS GUSTAN? Ah\u00ed va el primero \u00bfCual te gustar\u00eda compartir a t\u00ed? LA GENTE QUE ME GUSTA (MARIO BENEDETTI) Me gusta la gente que vibra, que no hay que empujarla, que no hay &hellip; <a href=\"https:\/\/blogs.iesoretania.es\/biblioteca\/los-textos-que-nos-gustan\/\">Sigue leyendo <span class=\"meta-nav\">&rarr;<\/span><\/a><\/p>\n","protected":false},"author":5,"featured_media":0,"parent":0,"menu_order":0,"comment_status":"closed","ping_status":"closed","template":"","meta":[],"_links":{"self":[{"href":"https:\/\/blogs.iesoretania.es\/biblioteca\/wp-json\/wp\/v2\/pages\/54"}],"collection":[{"href":"https:\/\/blogs.iesoretania.es\/biblioteca\/wp-json\/wp\/v2\/pages"}],"about":[{"href":"https:\/\/blogs.iesoretania.es\/biblioteca\/wp-json\/wp\/v2\/types\/page"}],"author":[{"embeddable":true,"href":"https:\/\/blogs.iesoretania.es\/biblioteca\/wp-json\/wp\/v2\/users\/5"}],"replies":[{"embeddable":true,"href":"https:\/\/blogs.iesoretania.es\/biblioteca\/wp-json\/wp\/v2\/comments?post=54"}],"version-history":[{"count":17,"href":"https:\/\/blogs.iesoretania.es\/biblioteca\/wp-json\/wp\/v2\/pages\/54\/revisions"}],"predecessor-version":[{"id":269,"href":"https:\/\/blogs.iesoretania.es\/biblioteca\/wp-json\/wp\/v2\/pages\/54\/revisions\/269"}],"wp:attachment":[{"href":"https:\/\/blogs.iesoretania.es\/biblioteca\/wp-json\/wp\/v2\/media?parent=54"}],"curies":[{"name":"wp","href":"https:\/\/api.w.org\/{rel}","templated":true}]}}