{"id":252,"date":"2016-12-13T21:47:23","date_gmt":"2016-12-13T21:47:23","guid":{"rendered":"http:\/\/blogs.iesoretania.es\/teclastv\/?page_id=252"},"modified":"2016-12-13T22:15:24","modified_gmt":"2016-12-13T22:15:24","slug":"proyecto-raspberry-pi-3-shell-scripts-en-30-minutos","status":"publish","type":"page","link":"https:\/\/blogs.iesoretania.es\/teclastv\/proyecto-raspberry-pi-3-shell-scripts-en-30-minutos\/","title":{"rendered":"Proyecto RaspBerry Pi 3 + Shell Scripts en 30 minutos"},"content":{"rendered":"<div class=\"fcbkbttn_buttons_block\" id=\"fcbkbttn_left\"><div class=\"fcbkbttn_button\">\n                            <a href=\"https:\/\/www.facebook.com\/TECLASTV\" target=\"_blank\">\n                                <img src=\"\" alt=\"Fb-Button\" \/>\n                            <\/a>\n                        <\/div><div class=\"fcbkbttn_like \"><fb:like href=\"https:\/\/blogs.iesoretania.es\/teclastv\/proyecto-raspberry-pi-3-shell-scripts-en-30-minutos\/\" action=\"like\" colorscheme=\"light\" layout=\"standard\" show-faces='false' width=\"450px\" size=\"small\"><\/fb:like><\/div><div class=\"fb-share-button  \" data-href=\"https:\/\/blogs.iesoretania.es\/teclastv\/proyecto-raspberry-pi-3-shell-scripts-en-30-minutos\/\" data-type=\"button_count\" data-size=\"small\"><\/div><\/div><div class=\"pntrst_main_before_after\"><div class=\"pntrst-button-wrap\">\r\n\t\t\t\t\t\t\t<a data-pin-do=\"buttonBookmark\" data-pin-custom=\"\" href=\"https:\/\/www.pinterest.com\/pin\/create\/button\/\"><img data-pin-nopin=\"1\" class=\"pntrst-custom-pin\" src=\"https:\/\/blogs.iesoretania.es\/teclastv\/wp-content\/plugins\/social-buttons-pack\/bws-pinterest\/images\/pin.png\" width=\"60\"><\/a>\r\n\t\t\t\t\t\t<\/div><\/div><div class=\"twttr_buttons\"><div class=\"twttr_twitter\">\n\t\t\t\t\t<a href=\"http:\/\/twitter.com\/share?text=Proyecto+RaspBerry+Pi+3+%2B+Shell+Scripts+en+30+minutos\" class=\"twitter-share-button\" data-via=\"\" data-hashtags=\"\"  data-size=\"default\" data-url=\"https:\/\/blogs.iesoretania.es\/teclastv\/proyecto-raspberry-pi-3-shell-scripts-en-30-minutos\/\"  data-related=\"\" target=\"_blank\">Tweet<\/a>\n\t\t\t\t<\/div><\/div><h2><img loading=\"lazy\" class=\"aligncenter wp-image-253 size-full\" src=\"http:\/\/blogs.iesoretania.es\/teclastv\/files\/2016\/12\/raspberry_ShellScripts.png\" alt=\"logo proyecto\" width=\"1075\" height=\"239\" srcset=\"https:\/\/blogs.iesoretania.es\/teclastv\/files\/2016\/12\/raspberry_ShellScripts.png 1075w, https:\/\/blogs.iesoretania.es\/teclastv\/files\/2016\/12\/raspberry_ShellScripts-300x67.png 300w, https:\/\/blogs.iesoretania.es\/teclastv\/files\/2016\/12\/raspberry_ShellScripts-768x171.png 768w, https:\/\/blogs.iesoretania.es\/teclastv\/files\/2016\/12\/raspberry_ShellScripts-1024x228.png 1024w\" sizes=\"(max-width: 1075px) 100vw, 1075px\" \/><\/h2>\n<h2>PROYECTO: Raspberry<span style=\"color: #800080\"> Pi 3 <\/span>+ <span style=\"color: #3366ff\">Shell Scripts<\/span> en 30 minutos.<\/h2>\n<div class=\"box generalbox center clearfix\">\n<div class=\"no-overflow\">\n<p><b><img loading=\"lazy\" class=\"alignnone wp-image-113\" src=\"http:\/\/blogs.iesoretania.es\/teclastv\/files\/2015\/09\/student2-150x150.png\" alt=\"student2\" width=\"51\" height=\"51\" srcset=\"https:\/\/blogs.iesoretania.es\/teclastv\/files\/2015\/09\/student2-150x150.png 150w, https:\/\/blogs.iesoretania.es\/teclastv\/files\/2015\/09\/student2-300x300.png 300w, https:\/\/blogs.iesoretania.es\/teclastv\/files\/2015\/09\/student2.png 512w\" sizes=\"(max-width: 51px) 100vw, 51px\" \/>Agrupamiento del alumnado: <\/b>Grupo clase y por parejas.<\/p>\n<p><b><img loading=\"lazy\" class=\" wp-image-53 alignnone\" src=\"http:\/\/blogs.iesoretania.es\/teclastv\/files\/2015\/06\/240px-38094-canon.svg_-150x150.png\" alt=\"240px-38094-canon.svg\" width=\"45\" height=\"45\" srcset=\"https:\/\/blogs.iesoretania.es\/teclastv\/files\/2015\/06\/240px-38094-canon.svg_-150x150.png 150w, https:\/\/blogs.iesoretania.es\/teclastv\/files\/2015\/06\/240px-38094-canon.svg_.png 240w\" sizes=\"(max-width: 45px) 100vw, 45px\" \/> Recursos necesarios:<\/b><\/p>\n<ol>\n<li>Raspberry Pi 3 modelo B + accesorios (cable HDMI y Pantalla plana)<\/li>\n<li>Equipo de iluminaci\u00f3n + Chroma Key<\/li>\n<li>C\u00e1mara R\u00e9flex + tr\u00edpode<\/li>\n<li>Smartphone + tr\u00edpode<\/li>\n<li>Micr\u00f3fonos de solapa y ambiente<\/li>\n<li>Mesa de trabajo<\/li>\n<li>Equipo inform\u00e1tico + software de producci\u00f3n audiovisual<\/li>\n<li>Conexi\u00f3n a Internet<\/li>\n<li>Materiales y documentaci\u00f3n de referencia<\/li>\n<\/ol>\n<p><b><img loading=\"lazy\" class=\"alignnone wp-image-111\" src=\"http:\/\/blogs.iesoretania.es\/teclastv\/files\/2015\/09\/informatica-150x150.png\" alt=\"informatica\" width=\"51\" height=\"51\" srcset=\"https:\/\/blogs.iesoretania.es\/teclastv\/files\/2015\/09\/informatica-150x150.png 150w, https:\/\/blogs.iesoretania.es\/teclastv\/files\/2015\/09\/informatica-300x300.png 300w, https:\/\/blogs.iesoretania.es\/teclastv\/files\/2015\/09\/informatica.png 512w\" sizes=\"(max-width: 51px) 100vw, 51px\" \/> ACTIVIDADES A REALIZAR<\/b><\/p>\n<p style=\"text-align: justify\">Inicialmente, el alumnado deber\u00e1 documentarse a trav\u00e9s de los \u00abMateriales y documentos de referencia\u00bb que se han puesto a su disposici\u00f3n de cara a la elaboraci\u00f3n de contenidos audiovisuales cuyos contenidos se desglosan a continuaci\u00f3n:<\/p>\n<p style=\"text-align: justify\">a) CAP\u00cdTULO 1 &#8211; Unboxing RaspBerry Pi modelo B + configuraci\u00f3n inicial y primera puesta en marcha.<\/p>\n<p style=\"text-align: justify\">b) CAP\u00cdTULO 2 &#8211; Introducci\u00f3n a la programaci\u00f3n Shell bajo Raspbian.<\/p>\n<p style=\"text-align: justify\">c) CAP\u00cdTULO 3 &#8211; Estructuras de control: Condicionales.<\/p>\n<p style=\"text-align: justify\">d) CAP\u00cdTULO 4 &#8211; Estructuras de control: Bucles.<\/p>\n<p style=\"text-align: justify\">e) CAP\u00cdTULO 5 &#8211; Funciones y par\u00e1metros.<\/p>\n<p style=\"text-align: justify\">f) CAP\u00cdTULO 6 &#8211; Un ejemplo completo.<\/p>\n<p style=\"text-align: justify\">Cada uno de los cap\u00edtulos no puede exceder de 5 minutos de duraci\u00f3n, ya que el objetivo es que el usuario sea capaz de adquirir los conocimientos en un m\u00e1ximo de 30 minutos.<\/p>\n<p><b><img loading=\"lazy\" class=\"alignnone wp-image-112\" src=\"http:\/\/blogs.iesoretania.es\/teclastv\/files\/2015\/09\/objetivo2-150x150.png\" alt=\"objetivo2\" width=\"51\" height=\"51\" srcset=\"https:\/\/blogs.iesoretania.es\/teclastv\/files\/2015\/09\/objetivo2-150x150.png 150w, https:\/\/blogs.iesoretania.es\/teclastv\/files\/2015\/09\/objetivo2-300x300.png 300w, https:\/\/blogs.iesoretania.es\/teclastv\/files\/2015\/09\/objetivo2.png 512w\" sizes=\"(max-width: 51px) 100vw, 51px\" \/> DESARROLLO<\/b><\/p>\n<p style=\"text-align: justify\">El cap\u00edtulo 1 ser\u00e1 desarrollado conjuntamente por alumnado y profesorado en el aula.<\/p>\n<p style=\"text-align: justify\">Los cap\u00edtulos 2 a 5 ser\u00e1n desarrollados en equipos de alumnado de 2 integrantes, en paralelo y bajo unos requisitos de homogeneidad en los formatos y a trav\u00e9s de un gui\u00f3n preestablecido.<\/p>\n<p style=\"text-align: justify\">El cap\u00edtulo 6 ser\u00e1 desarrollado por el profesorado con objeto de reforzar aquellos puntos que no hayan sido cubiertos o no hayan quedado claro en los materiales generados por el alumnado.<\/p>\n<p style=\"text-align: justify\">A lo largo del proyecto el alumnado y el profesorado mantendr\u00e1n una comunicaci\u00f3n fluida, estableciendo los ajustes necesarios para obtener unos resultados \u00f3ptimos.<\/p>\n<p><b><img loading=\"lazy\" class=\"wp-image-54 alignnone\" src=\"http:\/\/blogs.iesoretania.es\/teclastv\/files\/2015\/06\/1328101914_Config-Tools-150x150.png\" alt=\"1328101914_Config-Tools\" width=\"51\" height=\"51\" srcset=\"https:\/\/blogs.iesoretania.es\/teclastv\/files\/2015\/06\/1328101914_Config-Tools-150x150.png 150w, https:\/\/blogs.iesoretania.es\/teclastv\/files\/2015\/06\/1328101914_Config-Tools.png 256w\" sizes=\"(max-width: 51px) 100vw, 51px\" \/>HOMOGENEIZACI\u00d3N<\/b><\/p>\n<ul>\n<li style=\"text-align: justify\">Se utilizar\u00e1 una plantilla de maquetaci\u00f3n igual para todos los contenidos audiovisuales generados.<\/li>\n<li style=\"text-align: justify\">Se planificar\u00e1 y elaborar\u00e1 un gui\u00f3n previo o storyboard para cada uno de los cap\u00edtulos.<\/li>\n<li style=\"text-align: justify\">Se establecer\u00e1 una resoluci\u00f3n estandar para la grabaci\u00f3n.<\/li>\n<li style=\"text-align: justify\">Se prestar\u00e1 especial atenci\u00f3n en la obtenci\u00f3n de una adecuada calidad de imagen y sonido.<\/li>\n<li style=\"text-align: justify\">Se valorar\u00e1 el orden, rigor, concisi\u00f3n y calidad de las acciones desarrolladas.<\/li>\n<li style=\"text-align: justify\">Se atender\u00e1 especialmente al correcto uso ortogr\u00e1fico y gramatical del lenguaje.<\/li>\n<li style=\"text-align: justify\">Se procurar\u00e1 incluir ejemplos sencillos y de r\u00e1pida asimilaci\u00f3n a lo largo de cada cap\u00edtulo.<\/li>\n<li style=\"text-align: justify\">Se fijar\u00e1 una correcta finalizaci\u00f3n y enlace de los cap\u00edtulos que forman la serie.<\/li>\n<\/ul>\n<p><b><img loading=\"lazy\" class=\"wp-image-60 alignnone\" src=\"http:\/\/blogs.iesoretania.es\/teclastv\/files\/2015\/06\/Crystal_Clear_mimetype_txt.png\" alt=\"Crystal_Clear_mimetype_txt\" width=\"51\" height=\"51\" \/>EVALUACI\u00d3N<\/b><\/p>\n<p style=\"text-align: justify\">La evaluaci\u00f3n se llevar\u00e1 a cabo a trav\u00e9s de la observaci\u00f3n directa, listas de items evaluables, evaluaciones cruzadas y calificaci\u00f3n de los resultados finales.<\/p>\n<p><b><img loading=\"lazy\" class=\"wp-image-111 alignnone\" src=\"http:\/\/blogs.iesoretania.es\/teclastv\/files\/2015\/09\/informatica-150x150.png\" alt=\"informatica\" width=\"51\" height=\"51\" srcset=\"https:\/\/blogs.iesoretania.es\/teclastv\/files\/2015\/09\/informatica-150x150.png 150w, https:\/\/blogs.iesoretania.es\/teclastv\/files\/2015\/09\/informatica-300x300.png 300w, https:\/\/blogs.iesoretania.es\/teclastv\/files\/2015\/09\/informatica.png 512w\" sizes=\"(max-width: 51px) 100vw, 51px\" \/>PUBLICACI\u00d3N Y DIFUSI\u00d3N<\/b><\/p>\n<p style=\"text-align: justify\">Una vez supervisados y finalizados totalmente los contenidos, ser\u00e1n incluidos en la lista de reproducci\u00f3n del canal de Youtube del proyecto \u00abTeclasTV\u00bb. As\u00ed mismo, se publicar\u00e1n posts en el Blog de TeclasTV, el Blog de Oretania Productions, cuenta en Facebook del proyecto, Web del IES Oretania y a trav\u00e9s de Twitter.<\/p>\n<p><b><img loading=\"lazy\" class=\"alignnone wp-image-112\" src=\"http:\/\/blogs.iesoretania.es\/teclastv\/files\/2015\/09\/objetivo2-150x150.png\" alt=\"objetivo2\" width=\"51\" height=\"51\" srcset=\"https:\/\/blogs.iesoretania.es\/teclastv\/files\/2015\/09\/objetivo2-150x150.png 150w, https:\/\/blogs.iesoretania.es\/teclastv\/files\/2015\/09\/objetivo2-300x300.png 300w, https:\/\/blogs.iesoretania.es\/teclastv\/files\/2015\/09\/objetivo2.png 512w\" sizes=\"(max-width: 51px) 100vw, 51px\" \/>CONCLUSIONES<\/b><\/p>\n<p style=\"text-align: justify\">Se establecer\u00e1n los cauces necesarios para poder obtener informaci\u00f3n suficiente que facilite la elaboraci\u00f3n de las conclusiones de esta actividad, con objeto de conocer el impacto en el proceso de ense\u00f1anza-aprendizaje del alumnado y en la mejora de las capacidades docentes.<\/p>\n<\/div>\n<\/div>\n<div class=\"pntrst_main_before_after\"><\/div>","protected":false},"excerpt":{"rendered":"<p>PROYECTO: Raspberry Pi 3 + Shell Scripts en 30 minutos. Agrupamiento del alumnado: Grupo clase y por parejas. Recursos necesarios: Raspberry Pi 3 modelo B + accesorios (cable HDMI y Pantalla plana) Equipo de iluminaci\u00f3n + Chroma Key C\u00e1mara R\u00e9flex + tr\u00edpode Smartphone + tr\u00edpode Micr\u00f3fonos de solapa y ambiente Mesa de trabajo Equipo inform\u00e1tico &hellip; <a href=\"https:\/\/blogs.iesoretania.es\/teclastv\/proyecto-raspberry-pi-3-shell-scripts-en-30-minutos\/\" class=\"more-link\">Seguir leyendo <span class=\"screen-reader-text\">Proyecto RaspBerry Pi 3 + Shell Scripts en 30 minutos<\/span> <span class=\"meta-nav\">&rarr;<\/span><\/a><\/p>\n","protected":false},"author":4,"featured_media":0,"parent":0,"menu_order":0,"comment_status":"closed","ping_status":"closed","template":"","meta":[],"_links":{"self":[{"href":"https:\/\/blogs.iesoretania.es\/teclastv\/wp-json\/wp\/v2\/pages\/252"}],"collection":[{"href":"https:\/\/blogs.iesoretania.es\/teclastv\/wp-json\/wp\/v2\/pages"}],"about":[{"href":"https:\/\/blogs.iesoretania.es\/teclastv\/wp-json\/wp\/v2\/types\/page"}],"author":[{"embeddable":true,"href":"https:\/\/blogs.iesoretania.es\/teclastv\/wp-json\/wp\/v2\/users\/4"}],"replies":[{"embeddable":true,"href":"https:\/\/blogs.iesoretania.es\/teclastv\/wp-json\/wp\/v2\/comments?post=252"}],"version-history":[{"count":3,"href":"https:\/\/blogs.iesoretania.es\/teclastv\/wp-json\/wp\/v2\/pages\/252\/revisions"}],"predecessor-version":[{"id":261,"href":"https:\/\/blogs.iesoretania.es\/teclastv\/wp-json\/wp\/v2\/pages\/252\/revisions\/261"}],"wp:attachment":[{"href":"https:\/\/blogs.iesoretania.es\/teclastv\/wp-json\/wp\/v2\/media?parent=252"}],"curies":[{"name":"wp","href":"https:\/\/api.w.org\/{rel}","templated":true}]}}