{"id":41,"date":"2015-06-15T21:19:31","date_gmt":"2015-06-15T21:19:31","guid":{"rendered":"http:\/\/blogs.iesoretania.es\/teclastv\/?page_id=41"},"modified":"2015-06-17T20:52:40","modified_gmt":"2015-06-17T20:52:40","slug":"creditos","status":"publish","type":"page","link":"https:\/\/blogs.iesoretania.es\/teclastv\/creditos\/","title":{"rendered":"Cr\u00e9ditos"},"content":{"rendered":"<div class=\"fcbkbttn_buttons_block\" id=\"fcbkbttn_left\"><div class=\"fcbkbttn_button\">\n                            <a href=\"https:\/\/www.facebook.com\/TECLASTV\" target=\"_blank\">\n                                <img src=\"\" alt=\"Fb-Button\" \/>\n                            <\/a>\n                        <\/div><div class=\"fcbkbttn_like \"><fb:like href=\"https:\/\/blogs.iesoretania.es\/teclastv\/creditos\/\" action=\"like\" colorscheme=\"light\" layout=\"standard\" show-faces='false' width=\"450px\" size=\"small\"><\/fb:like><\/div><div class=\"fb-share-button  \" data-href=\"https:\/\/blogs.iesoretania.es\/teclastv\/creditos\/\" data-type=\"button_count\" data-size=\"small\"><\/div><\/div><div class=\"pntrst_main_before_after\"><div class=\"pntrst-button-wrap\">\r\n\t\t\t\t\t\t\t<a data-pin-do=\"buttonBookmark\" data-pin-custom=\"\" href=\"https:\/\/www.pinterest.com\/pin\/create\/button\/\"><img data-pin-nopin=\"1\" class=\"pntrst-custom-pin\" src=\"https:\/\/blogs.iesoretania.es\/teclastv\/wp-content\/plugins\/social-buttons-pack\/bws-pinterest\/images\/pin.png\" width=\"60\"><\/a>\r\n\t\t\t\t\t\t<\/div><\/div><div class=\"twttr_buttons\"><div class=\"twttr_twitter\">\n\t\t\t\t\t<a href=\"http:\/\/twitter.com\/share?text=Cr%C3%A9ditos\" class=\"twitter-share-button\" data-via=\"\" data-hashtags=\"\"  data-size=\"default\" data-url=\"https:\/\/blogs.iesoretania.es\/teclastv\/creditos\/\"  data-related=\"\" target=\"_blank\">Tweet<\/a>\n\t\t\t\t<\/div><\/div><p><img loading=\"lazy\" class=\" alignleft\" src=\"https:\/\/upload.wikimedia.org\/wikipedia\/commons\/thumb\/e\/ec\/Pdf_by_mimooh.svg\/816px-Pdf_by_mimooh.svg.png\" alt=\"pdf icon\" width=\"64\" height=\"68\" \/><\/p>\n<p style=\"text-align: justify\">En esta secci\u00f3n se encuentra disponible la relaci\u00f3n de los miembros que conforman el equipo docente que desarrolla este proyecto: <a href=\"http:\/\/blogs.iesoretania.es\/teclastv\/files\/2015\/06\/Cr\u00e9ditos1.pdf\">Documento pdf &#8211; Cr\u00e9ditos<\/a><\/p>\n<div class=\"pntrst_main_before_after\"><\/div>","protected":false},"excerpt":{"rendered":"<p>En esta secci\u00f3n se encuentra disponible la relaci\u00f3n de los miembros que conforman el equipo docente que desarrolla este proyecto: Documento pdf &#8211; Cr\u00e9ditos<\/p>\n","protected":false},"author":4,"featured_media":0,"parent":0,"menu_order":0,"comment_status":"open","ping_status":"open","template":"","meta":[],"_links":{"self":[{"href":"https:\/\/blogs.iesoretania.es\/teclastv\/wp-json\/wp\/v2\/pages\/41"}],"collection":[{"href":"https:\/\/blogs.iesoretania.es\/teclastv\/wp-json\/wp\/v2\/pages"}],"about":[{"href":"https:\/\/blogs.iesoretania.es\/teclastv\/wp-json\/wp\/v2\/types\/page"}],"author":[{"embeddable":true,"href":"https:\/\/blogs.iesoretania.es\/teclastv\/wp-json\/wp\/v2\/users\/4"}],"replies":[{"embeddable":true,"href":"https:\/\/blogs.iesoretania.es\/teclastv\/wp-json\/wp\/v2\/comments?post=41"}],"version-history":[{"count":2,"href":"https:\/\/blogs.iesoretania.es\/teclastv\/wp-json\/wp\/v2\/pages\/41\/revisions"}],"predecessor-version":[{"id":70,"href":"https:\/\/blogs.iesoretania.es\/teclastv\/wp-json\/wp\/v2\/pages\/41\/revisions\/70"}],"wp:attachment":[{"href":"https:\/\/blogs.iesoretania.es\/teclastv\/wp-json\/wp\/v2\/media?parent=41"}],"curies":[{"name":"wp","href":"https:\/\/api.w.org\/{rel}","templated":true}]}}