{"id":52,"date":"2015-06-15T22:21:27","date_gmt":"2015-06-15T22:21:27","guid":{"rendered":"http:\/\/blogs.iesoretania.es\/teclastv\/?page_id=52"},"modified":"2015-06-15T22:23:31","modified_gmt":"2015-06-15T22:23:31","slug":"otras-incursiones-audiovisuales-con-el-alumnado","status":"publish","type":"page","link":"https:\/\/blogs.iesoretania.es\/teclastv\/otras-incursiones-audiovisuales-con-el-alumnado\/","title":{"rendered":"Otras incursiones audiovisuales con el alumnado&#8230;"},"content":{"rendered":"<div class=\"fcbkbttn_buttons_block\" id=\"fcbkbttn_left\"><div class=\"fcbkbttn_button\">\n                            <a href=\"https:\/\/www.facebook.com\/TECLASTV\" target=\"_blank\">\n                                <img src=\"\" alt=\"Fb-Button\" \/>\n                            <\/a>\n                        <\/div><div class=\"fcbkbttn_like \"><fb:like href=\"https:\/\/blogs.iesoretania.es\/teclastv\/otras-incursiones-audiovisuales-con-el-alumnado\/\" action=\"like\" colorscheme=\"light\" layout=\"standard\" show-faces='false' width=\"450px\" size=\"small\"><\/fb:like><\/div><div class=\"fb-share-button  \" data-href=\"https:\/\/blogs.iesoretania.es\/teclastv\/otras-incursiones-audiovisuales-con-el-alumnado\/\" data-type=\"button_count\" data-size=\"small\"><\/div><\/div><div class=\"pntrst_main_before_after\"><div class=\"pntrst-button-wrap\">\r\n\t\t\t\t\t\t\t<a data-pin-do=\"buttonBookmark\" data-pin-custom=\"\" href=\"https:\/\/www.pinterest.com\/pin\/create\/button\/\"><img data-pin-nopin=\"1\" class=\"pntrst-custom-pin\" src=\"https:\/\/blogs.iesoretania.es\/teclastv\/wp-content\/plugins\/social-buttons-pack\/bws-pinterest\/images\/pin.png\" width=\"60\"><\/a>\r\n\t\t\t\t\t\t<\/div><\/div><div class=\"twttr_buttons\"><div class=\"twttr_twitter\">\n\t\t\t\t\t<a href=\"http:\/\/twitter.com\/share?text=Otras+incursiones+audiovisuales+con+el+alumnado...\" class=\"twitter-share-button\" data-via=\"\" data-hashtags=\"\"  data-size=\"default\" data-url=\"https:\/\/blogs.iesoretania.es\/teclastv\/otras-incursiones-audiovisuales-con-el-alumnado\/\"  data-related=\"\" target=\"_blank\">Tweet<\/a>\n\t\t\t\t<\/div><\/div><p style=\"text-align: justify\"><a href=\"http:\/\/blogs.iesoretania.es\/teclastv\/files\/2015\/06\/clacketa.png\"><img loading=\"lazy\" class=\"  wp-image-55 alignleft\" src=\"http:\/\/blogs.iesoretania.es\/teclastv\/files\/2015\/06\/clacketa.png\" alt=\"clacketa\" width=\"99\" height=\"99\" srcset=\"https:\/\/blogs.iesoretania.es\/teclastv\/files\/2015\/06\/clacketa.png 256w, https:\/\/blogs.iesoretania.es\/teclastv\/files\/2015\/06\/clacketa-150x150.png 150w\" sizes=\"(max-width: 99px) 100vw, 99px\" \/><\/a>A trav\u00e9s del siguiente enlace es posible acceder a una recopilaci\u00f3n de material audiovisual elaborado por alumnado de Ciclos de Inform\u00e1tica, relacionado con la configuraci\u00f3n y explotaci\u00f3n del Sistema Operativo Windows Server 2008.<\/p>\n<p><a href=\"http:\/\/profesorjlgarcia.blogspot.com.es\/2015\/05\/camaray-accion-videotutoriales-sobre.html\" target=\"_blank\">Videotutoriales sobre Windows 2008 Server realizados por el alumnado de Ciclos Formativos de Inform\u00e1tica<\/a><\/p>\n<p><!--more--><\/p>\n<p style=\"text-align: justify\">Para el desarrollo de estos videotutoriales, el alumnado fue formado previamente sobre nociones b\u00e1sicas en dise\u00f1o, planificaci\u00f3n, producci\u00f3n y postproducci\u00f3n.<\/p>\n<div class=\"pntrst_main_before_after\"><\/div>","protected":false},"excerpt":{"rendered":"<p>A trav\u00e9s del siguiente enlace es posible acceder a una recopilaci\u00f3n de material audiovisual elaborado por alumnado de Ciclos de Inform\u00e1tica, relacionado con la configuraci\u00f3n y explotaci\u00f3n del Sistema Operativo Windows Server 2008. Videotutoriales sobre Windows 2008 Server realizados por el alumnado de Ciclos Formativos de Inform\u00e1tica<\/p>\n","protected":false},"author":4,"featured_media":0,"parent":0,"menu_order":0,"comment_status":"open","ping_status":"open","template":"","meta":[],"_links":{"self":[{"href":"https:\/\/blogs.iesoretania.es\/teclastv\/wp-json\/wp\/v2\/pages\/52"}],"collection":[{"href":"https:\/\/blogs.iesoretania.es\/teclastv\/wp-json\/wp\/v2\/pages"}],"about":[{"href":"https:\/\/blogs.iesoretania.es\/teclastv\/wp-json\/wp\/v2\/types\/page"}],"author":[{"embeddable":true,"href":"https:\/\/blogs.iesoretania.es\/teclastv\/wp-json\/wp\/v2\/users\/4"}],"replies":[{"embeddable":true,"href":"https:\/\/blogs.iesoretania.es\/teclastv\/wp-json\/wp\/v2\/comments?post=52"}],"version-history":[{"count":2,"href":"https:\/\/blogs.iesoretania.es\/teclastv\/wp-json\/wp\/v2\/pages\/52\/revisions"}],"predecessor-version":[{"id":58,"href":"https:\/\/blogs.iesoretania.es\/teclastv\/wp-json\/wp\/v2\/pages\/52\/revisions\/58"}],"wp:attachment":[{"href":"https:\/\/blogs.iesoretania.es\/teclastv\/wp-json\/wp\/v2\/media?parent=52"}],"curies":[{"name":"wp","href":"https:\/\/api.w.org\/{rel}","templated":true}]}}