{"id":59,"date":"2015-06-15T22:44:00","date_gmt":"2015-06-15T22:44:00","guid":{"rendered":"http:\/\/blogs.iesoretania.es\/teclastv\/?page_id=59"},"modified":"2015-12-02T22:14:03","modified_gmt":"2015-12-02T22:14:03","slug":"breve-resumen-del-proyecto","status":"publish","type":"page","link":"https:\/\/blogs.iesoretania.es\/teclastv\/breve-resumen-del-proyecto\/","title":{"rendered":"El Proyecto \u00abTeclas TV\u00bb (descripci\u00f3n breve)"},"content":{"rendered":"<div class=\"fcbkbttn_buttons_block\" id=\"fcbkbttn_left\"><div class=\"fcbkbttn_button\">\n                            <a href=\"https:\/\/www.facebook.com\/TECLASTV\" target=\"_blank\">\n                                <img src=\"\" alt=\"Fb-Button\" \/>\n                            <\/a>\n                        <\/div><div class=\"fcbkbttn_like \"><fb:like href=\"https:\/\/blogs.iesoretania.es\/teclastv\/breve-resumen-del-proyecto\/\" action=\"like\" colorscheme=\"light\" layout=\"standard\" show-faces='false' width=\"450px\" size=\"small\"><\/fb:like><\/div><div class=\"fb-share-button  \" data-href=\"https:\/\/blogs.iesoretania.es\/teclastv\/breve-resumen-del-proyecto\/\" data-type=\"button_count\" data-size=\"small\"><\/div><\/div><div class=\"pntrst_main_before_after\"><div class=\"pntrst-button-wrap\">\r\n\t\t\t\t\t\t\t<a data-pin-do=\"buttonBookmark\" data-pin-custom=\"\" href=\"https:\/\/www.pinterest.com\/pin\/create\/button\/\"><img data-pin-nopin=\"1\" class=\"pntrst-custom-pin\" src=\"https:\/\/blogs.iesoretania.es\/teclastv\/wp-content\/plugins\/social-buttons-pack\/bws-pinterest\/images\/pin.png\" width=\"60\"><\/a>\r\n\t\t\t\t\t\t<\/div><\/div><div class=\"twttr_buttons\"><div class=\"twttr_twitter\">\n\t\t\t\t\t<a href=\"http:\/\/twitter.com\/share?text=El+Proyecto+%22Teclas+TV%22+%28descripci%C3%B3n+breve%29\" class=\"twitter-share-button\" data-via=\"\" data-hashtags=\"\"  data-size=\"default\" data-url=\"https:\/\/blogs.iesoretania.es\/teclastv\/breve-resumen-del-proyecto\/\"  data-related=\"\" target=\"_blank\">Tweet<\/a>\n\t\t\t\t<\/div><\/div><p style=\"text-align: justify\"><a href=\"http:\/\/blogs.iesoretania.es\/teclastv\/files\/2015\/06\/Crystal_Clear_mimetype_txt.png\"><img loading=\"lazy\" class=\"  wp-image-60 alignleft\" src=\"http:\/\/blogs.iesoretania.es\/teclastv\/files\/2015\/06\/Crystal_Clear_mimetype_txt.png\" alt=\"Crystal_Clear_mimetype_txt\" width=\"99\" height=\"99\" \/><\/a>Es un hecho que los m\u00e9todos de aprendizaje han cambiado. <em><strong>\u00bfQui\u00e9n no ha utilizado alg\u00fan material audiovisual de Internet para adquirir conocimiento sobre alg\u00fan tema en concreto?<\/strong><\/em><\/p>\n<p style=\"text-align: justify\">El campo de la docencia ha de adaptarse a esta nueva situaci\u00f3n y por ello este proyecto tiene como objetivo fundamental la producci\u00f3n de material audiovisual orientado a Ciclos Formativos, concretamente en el \u00e1rea de Inform\u00e1tica y Comunicaciones. Estos materiales han de cumplir con un conjunto de requisitos espec\u00edficos que permitan obtener un producto \u00fatil, claro, contrastado, fiable, aplicable y extrapolable. Todo ello con unos niveles de calidad final \u00f3ptimos y evaluables.<\/p>\n<p style=\"text-align: justify\"><a href=\"http:\/\/blogs.iesoretania.es\/teclastv\/files\/2015\/06\/clacketa.png\"><img loading=\"lazy\" class=\"  wp-image-55 alignleft\" src=\"http:\/\/blogs.iesoretania.es\/teclastv\/files\/2015\/06\/clacketa.png\" alt=\"clacketa\" width=\"70\" height=\"70\" srcset=\"https:\/\/blogs.iesoretania.es\/teclastv\/files\/2015\/06\/clacketa.png 256w, https:\/\/blogs.iesoretania.es\/teclastv\/files\/2015\/06\/clacketa-150x150.png 150w\" sizes=\"(max-width: 70px) 100vw, 70px\" \/><\/a>Las fases iniciales de este proyecto implican formaci\u00f3n espec\u00edfica del equipo docente participante en materia de producci\u00f3n audiovisual, siendo imprescindible disponer de un equipamiento m\u00ednimo para el desarrollo del mismo. Por otro lado, el equipo docente es, en su comienzo, quien realizar\u00e1 la producci\u00f3n de los primeros materiales, estableciendo las pautas y pol\u00edticas a seguir en dicho proceso (Idea inicial, an\u00e1lisis, planificaci\u00f3n, estrategias, desarrollo de guiones t\u00e9cnicos, producci\u00f3n, postproducci\u00f3n, publicaci\u00f3n y an\u00e1lisis de resultados). Una vez fijado el modelo de trabajo, este deber\u00e1 ser incorporado de manera transversal en los m\u00f3dulos profesionales seleccionados con objeto de que el alumnado asimile el conjunto de t\u00e9cnicas y destrezas necesarias para que, tutelados por el equipo docente, puedan producir y publicar su propio material audiovisual.<\/p>\n<p style=\"text-align: justify\"><a href=\"http:\/\/blogs.iesoretania.es\/teclastv\/files\/2015\/06\/240px-38094-canon.svg_.png\"><img loading=\"lazy\" class=\"  wp-image-53 alignleft\" src=\"http:\/\/blogs.iesoretania.es\/teclastv\/files\/2015\/06\/240px-38094-canon.svg_.png\" alt=\"240px-38094-canon.svg\" width=\"76\" height=\"76\" srcset=\"https:\/\/blogs.iesoretania.es\/teclastv\/files\/2015\/06\/240px-38094-canon.svg_.png 240w, https:\/\/blogs.iesoretania.es\/teclastv\/files\/2015\/06\/240px-38094-canon.svg_-150x150.png 150w\" sizes=\"(max-width: 76px) 100vw, 76px\" \/><\/a>En este proyecto se trata de potenciar el aprendizaje pr\u00e1ctico, el trabajo por proyectos, el trabajo en equipo, la transmisi\u00f3n de conocimiento entre participantes, el uso de software libre, el fomento de conocimiento compartido abierto y la aportaci\u00f3n de conocimiento hacia Internet.<\/p>\n<div class=\"pntrst_main_before_after\"><\/div>","protected":false},"excerpt":{"rendered":"<p>Es un hecho que los m\u00e9todos de aprendizaje han cambiado. \u00bfQui\u00e9n no ha utilizado alg\u00fan material audiovisual de Internet para adquirir conocimiento sobre alg\u00fan tema en concreto? El campo de la docencia ha de adaptarse a esta nueva situaci\u00f3n y por ello este proyecto tiene como objetivo fundamental la producci\u00f3n de material audiovisual orientado a &hellip; <a href=\"https:\/\/blogs.iesoretania.es\/teclastv\/breve-resumen-del-proyecto\/\" class=\"more-link\">Seguir leyendo <span class=\"screen-reader-text\">El Proyecto \u00abTeclas TV\u00bb (descripci\u00f3n breve)<\/span> <span class=\"meta-nav\">&rarr;<\/span><\/a><\/p>\n","protected":false},"author":4,"featured_media":0,"parent":0,"menu_order":0,"comment_status":"closed","ping_status":"closed","template":"","meta":[],"_links":{"self":[{"href":"https:\/\/blogs.iesoretania.es\/teclastv\/wp-json\/wp\/v2\/pages\/59"}],"collection":[{"href":"https:\/\/blogs.iesoretania.es\/teclastv\/wp-json\/wp\/v2\/pages"}],"about":[{"href":"https:\/\/blogs.iesoretania.es\/teclastv\/wp-json\/wp\/v2\/types\/page"}],"author":[{"embeddable":true,"href":"https:\/\/blogs.iesoretania.es\/teclastv\/wp-json\/wp\/v2\/users\/4"}],"replies":[{"embeddable":true,"href":"https:\/\/blogs.iesoretania.es\/teclastv\/wp-json\/wp\/v2\/comments?post=59"}],"version-history":[{"count":5,"href":"https:\/\/blogs.iesoretania.es\/teclastv\/wp-json\/wp\/v2\/pages\/59\/revisions"}],"predecessor-version":[{"id":161,"href":"https:\/\/blogs.iesoretania.es\/teclastv\/wp-json\/wp\/v2\/pages\/59\/revisions\/161"}],"wp:attachment":[{"href":"https:\/\/blogs.iesoretania.es\/teclastv\/wp-json\/wp\/v2\/media?parent=59"}],"curies":[{"name":"wp","href":"https:\/\/api.w.org\/{rel}","templated":true}]}}