{"id":76,"date":"2015-06-24T16:30:30","date_gmt":"2015-06-24T16:30:30","guid":{"rendered":"http:\/\/blogs.iesoretania.es\/teclastv\/?page_id=76"},"modified":"2015-06-24T17:39:05","modified_gmt":"2015-06-24T17:39:05","slug":"nociones-basicas-sobre-iluminacion-y-tipos-de-plano","status":"publish","type":"page","link":"https:\/\/blogs.iesoretania.es\/teclastv\/nociones-basicas-sobre-iluminacion-y-tipos-de-plano\/","title":{"rendered":"FORMACI\u00d3N: Nociones b\u00e1sicas sobre iluminaci\u00f3n y tipos de plano"},"content":{"rendered":"<div class=\"fcbkbttn_buttons_block\" id=\"fcbkbttn_left\"><div class=\"fcbkbttn_button\">\n                            <a href=\"https:\/\/www.facebook.com\/TECLASTV\" target=\"_blank\">\n                                <img src=\"\" alt=\"Fb-Button\" \/>\n                            <\/a>\n                        <\/div><div class=\"fcbkbttn_like \"><fb:like href=\"https:\/\/blogs.iesoretania.es\/teclastv\/nociones-basicas-sobre-iluminacion-y-tipos-de-plano\/\" action=\"like\" colorscheme=\"light\" layout=\"standard\" show-faces='false' width=\"450px\" size=\"small\"><\/fb:like><\/div><div class=\"fb-share-button  \" data-href=\"https:\/\/blogs.iesoretania.es\/teclastv\/nociones-basicas-sobre-iluminacion-y-tipos-de-plano\/\" data-type=\"button_count\" data-size=\"small\"><\/div><\/div><div class=\"pntrst_main_before_after\"><div class=\"pntrst-button-wrap\">\r\n\t\t\t\t\t\t\t<a data-pin-do=\"buttonBookmark\" data-pin-custom=\"\" href=\"https:\/\/www.pinterest.com\/pin\/create\/button\/\"><img data-pin-nopin=\"1\" class=\"pntrst-custom-pin\" src=\"https:\/\/blogs.iesoretania.es\/teclastv\/wp-content\/plugins\/social-buttons-pack\/bws-pinterest\/images\/pin.png\" width=\"60\"><\/a>\r\n\t\t\t\t\t\t<\/div><\/div><div class=\"twttr_buttons\"><div class=\"twttr_twitter\">\n\t\t\t\t\t<a href=\"http:\/\/twitter.com\/share?text=FORMACI%C3%93N%3A+Nociones+b%C3%A1sicas+sobre+iluminaci%C3%B3n+y+tipos+de+plano\" class=\"twitter-share-button\" data-via=\"\" data-hashtags=\"\"  data-size=\"default\" data-url=\"https:\/\/blogs.iesoretania.es\/teclastv\/nociones-basicas-sobre-iluminacion-y-tipos-de-plano\/\"  data-related=\"\" target=\"_blank\">Tweet<\/a>\n\t\t\t\t<\/div><\/div><p style=\"text-align: justify\">Un aspecto muy importante en la producci\u00f3n audiovisual es la iluminaci\u00f3n y los tipos de planos. Emplearemos esta entrada para recopilar algunas de las fuentes de las que hemos tomado referencias a la hora de optimizar los resultados de nuestras filmaciones.<\/p>\n<p style=\"text-align: justify\">Nuestro agradecimiento a la Escuela Internacional de Medios Audiovisuales por su excelente trabajo y al resto de creadores que aparecer\u00e1n en esta recopilaci\u00f3n (Vide\u00f3patas, etc).<\/p>\n<p><em><strong>Iluminaci\u00f3n B\u00e1sica:<\/strong><\/em><\/p>\n<p><iframe loading=\"lazy\" width=\"474\" height=\"267\" src=\"https:\/\/www.youtube.com\/embed\/7QH21_86QNU?feature=oembed\" frameborder=\"0\" allowfullscreen><\/iframe><\/p>\n<p><em><strong>Iluminaci\u00f3n en entrevistas:<\/strong><\/em><\/p>\n<p><iframe loading=\"lazy\" width=\"474\" height=\"267\" src=\"https:\/\/www.youtube.com\/embed\/NEzJQ21TxqY?feature=oembed\" frameborder=\"0\" allowfullscreen><\/iframe><\/p>\n<p><strong><em>Iluminaci\u00f3n de un Chroma Key:<\/em><\/strong><\/p>\n<p><iframe loading=\"lazy\" width=\"474\" height=\"267\" src=\"https:\/\/www.youtube.com\/embed\/CInU1BSm4VM?feature=oembed\" frameborder=\"0\" allowfullscreen><\/iframe><\/p>\n<p><em><strong>Tipos de plano en cinematograf\u00eda y TV:<\/strong><\/em><\/p>\n<p><iframe loading=\"lazy\" width=\"474\" height=\"267\" src=\"https:\/\/www.youtube.com\/embed\/LdeWVNSp43I?feature=oembed\" frameborder=\"0\" allowfullscreen><\/iframe><\/p>\n<p><em><strong>Grabando con m\u00f3viles y c\u00e1maras compactas:<\/strong><\/em><\/p>\n<p><iframe loading=\"lazy\" width=\"474\" height=\"267\" src=\"https:\/\/www.youtube.com\/embed\/Hb9GSJwNg74?feature=oembed\" frameborder=\"0\" allowfullscreen><\/iframe><\/p>\n<p><em><strong>Mejorando nuestros videos con tomas y planos cinematogr\u00e1ficos:<\/strong><\/em><\/p>\n<p><iframe loading=\"lazy\" width=\"474\" height=\"267\" src=\"https:\/\/www.youtube.com\/embed\/JatdaUwR7DM?feature=oembed\" frameborder=\"0\" allowfullscreen><\/iframe><\/p>\n<p>&nbsp;<\/p>\n<p>&nbsp;<\/p>\n<p>&nbsp;<\/p>\n<div class=\"pntrst_main_before_after\"><\/div>","protected":false},"excerpt":{"rendered":"<p>Un aspecto muy importante en la producci\u00f3n audiovisual es la iluminaci\u00f3n y los tipos de planos. Emplearemos esta entrada para recopilar algunas de las fuentes de las que hemos tomado referencias a la hora de optimizar los resultados de nuestras filmaciones. Nuestro agradecimiento a la Escuela Internacional de Medios Audiovisuales por su excelente trabajo y &hellip; <a href=\"https:\/\/blogs.iesoretania.es\/teclastv\/nociones-basicas-sobre-iluminacion-y-tipos-de-plano\/\" class=\"more-link\">Seguir leyendo <span class=\"screen-reader-text\">FORMACI\u00d3N: Nociones b\u00e1sicas sobre iluminaci\u00f3n y tipos de plano<\/span> <span class=\"meta-nav\">&rarr;<\/span><\/a><\/p>\n","protected":false},"author":4,"featured_media":0,"parent":0,"menu_order":0,"comment_status":"closed","ping_status":"closed","template":"","meta":[],"_links":{"self":[{"href":"https:\/\/blogs.iesoretania.es\/teclastv\/wp-json\/wp\/v2\/pages\/76"}],"collection":[{"href":"https:\/\/blogs.iesoretania.es\/teclastv\/wp-json\/wp\/v2\/pages"}],"about":[{"href":"https:\/\/blogs.iesoretania.es\/teclastv\/wp-json\/wp\/v2\/types\/page"}],"author":[{"embeddable":true,"href":"https:\/\/blogs.iesoretania.es\/teclastv\/wp-json\/wp\/v2\/users\/4"}],"replies":[{"embeddable":true,"href":"https:\/\/blogs.iesoretania.es\/teclastv\/wp-json\/wp\/v2\/comments?post=76"}],"version-history":[{"count":2,"href":"https:\/\/blogs.iesoretania.es\/teclastv\/wp-json\/wp\/v2\/pages\/76\/revisions"}],"predecessor-version":[{"id":90,"href":"https:\/\/blogs.iesoretania.es\/teclastv\/wp-json\/wp\/v2\/pages\/76\/revisions\/90"}],"wp:attachment":[{"href":"https:\/\/blogs.iesoretania.es\/teclastv\/wp-json\/wp\/v2\/media?parent=76"}],"curies":[{"name":"wp","href":"https:\/\/api.w.org\/{rel}","templated":true}]}}